{"id":101,"date":"2020-12-09T07:45:34","date_gmt":"2020-12-09T07:45:34","guid":{"rendered":"https:\/\/beatrix.sitter-liver.ch\/?page_id=101"},"modified":"2021-07-20T08:04:04","modified_gmt":"2021-07-20T08:04:04","slug":"textiles","status":"publish","type":"page","link":"https:\/\/beatrix.sitter-liver.ch\/index.php\/bilder\/textiles\/","title":{"rendered":"Textile Werke"},"content":{"rendered":"\n<figure class=\"wp-block-gallery columns-4  a {self-align: start;}\"><ul class=\"blocks-gallery-grid\"><li class=\"blocks-gallery-item\"><figure><a href=\"https:\/\/beatrix.sitter-liver.ch\/wp-content\/uploads\/2021\/06\/Beatrix-Sitter-Liver_PassagePrive_1971.jpg\"><img loading=\"lazy\" decoding=\"async\" width=\"1024\" height=\"1024\" src=\"https:\/\/beatrix.sitter-liver.ch\/wp-content\/uploads\/2021\/06\/Beatrix-Sitter-Liver_PassagePrive_1971-1024x1024.jpg\" alt=\"Passage priv\u00e9, 1971, Tapisserie haute lisse 27, Wolle, Stahltr\u00e4ger, 600 x 520 x 250 cm, Mus\u00e9e cantonal des beaux-arts de la ville de Lausanne\" data-id=\"574\" data-full-url=\"https:\/\/beatrix.sitter-liver.ch\/wp-content\/uploads\/2021\/06\/Beatrix-Sitter-Liver_PassagePrive_1971.jpg\" data-link=\"https:\/\/beatrix.sitter-liver.ch\/beatrix-sitter-liver_passageprive_1971\/\" class=\"wp-image-574\" srcset=\"https:\/\/beatrix.sitter-liver.ch\/wp-content\/uploads\/2021\/06\/Beatrix-Sitter-Liver_PassagePrive_1971.jpg 1024w, https:\/\/beatrix.sitter-liver.ch\/wp-content\/uploads\/2021\/06\/Beatrix-Sitter-Liver_PassagePrive_1971-300x300.jpg 300w, https:\/\/beatrix.sitter-liver.ch\/wp-content\/uploads\/2021\/06\/Beatrix-Sitter-Liver_PassagePrive_1971-150x150.jpg 150w, https:\/\/beatrix.sitter-liver.ch\/wp-content\/uploads\/2021\/06\/Beatrix-Sitter-Liver_PassagePrive_1971-768x768.jpg 768w\" sizes=\"(max-width: 1024px) 100vw, 1024px\" \/><\/a><\/figure><\/li>\n\n<li class=\"blocks-gallery-item\"><figure><a href=\"https:\/\/beatrix.sitter-liver.ch\/wp-content\/uploads\/2021\/01\/07_Dreischlaufentor.jpg\"><img loading=\"lazy\" decoding=\"async\" width=\"1024\" height=\"1024\" src=\"https:\/\/beatrix.sitter-liver.ch\/wp-content\/uploads\/2021\/01\/07_Dreischlaufentor-1024x1024.jpg\" alt=\"Dreischlaufentor, 1980, Tapisserie No. 95, Wolle, 700 x 520 x 18 cm, Kursaal Bern\" data-id=\"501\" data-full-url=\"https:\/\/beatrix.sitter-liver.ch\/wp-content\/uploads\/2021\/01\/07_Dreischlaufentor.jpg\" data-link=\"https:\/\/beatrix.sitter-liver.ch\/07_dreischlaufentor\/\" class=\"wp-image-501\" srcset=\"https:\/\/beatrix.sitter-liver.ch\/wp-content\/uploads\/2021\/01\/07_Dreischlaufentor.jpg 1024w, https:\/\/beatrix.sitter-liver.ch\/wp-content\/uploads\/2021\/01\/07_Dreischlaufentor-300x300.jpg 300w, https:\/\/beatrix.sitter-liver.ch\/wp-content\/uploads\/2021\/01\/07_Dreischlaufentor-150x150.jpg 150w, https:\/\/beatrix.sitter-liver.ch\/wp-content\/uploads\/2021\/01\/07_Dreischlaufentor-768x768.jpg 768w\" sizes=\"(max-width: 1024px) 100vw, 1024px\" \/><\/a><\/figure><\/li>\n\n<li class=\"blocks-gallery-item\"><figure><a href=\"https:\/\/beatrix.sitter-liver.ch\/wp-content\/uploads\/2021\/02\/Beatrix-Sitter-Liver_Erntedank_1987_buch63.jpg\"><img loading=\"lazy\" decoding=\"async\" width=\"1024\" height=\"1024\" src=\"https:\/\/beatrix.sitter-liver.ch\/wp-content\/uploads\/2021\/02\/Beatrix-Sitter-Liver_Erntedank_1987_buch63-1024x1024.jpg\" alt=\"Erntedank, 1978_Gewebe aus Leinen, Maispflanzen, Zwiebelblatt, Ringelblumen, 105 x 120 cm\" data-id=\"529\" data-full-url=\"https:\/\/beatrix.sitter-liver.ch\/wp-content\/uploads\/2021\/02\/Beatrix-Sitter-Liver_Erntedank_1987_buch63.jpg\" data-link=\"https:\/\/beatrix.sitter-liver.ch\/beatrix-sitter-liver_erntedank_1987_buch63\/\" class=\"wp-image-529\" srcset=\"https:\/\/beatrix.sitter-liver.ch\/wp-content\/uploads\/2021\/02\/Beatrix-Sitter-Liver_Erntedank_1987_buch63.jpg 1024w, https:\/\/beatrix.sitter-liver.ch\/wp-content\/uploads\/2021\/02\/Beatrix-Sitter-Liver_Erntedank_1987_buch63-300x300.jpg 300w, https:\/\/beatrix.sitter-liver.ch\/wp-content\/uploads\/2021\/02\/Beatrix-Sitter-Liver_Erntedank_1987_buch63-150x150.jpg 150w, https:\/\/beatrix.sitter-liver.ch\/wp-content\/uploads\/2021\/02\/Beatrix-Sitter-Liver_Erntedank_1987_buch63-768x768.jpg 768w\" sizes=\"(max-width: 1024px) 100vw, 1024px\" \/><\/a><\/figure><\/li>\n\n<li class=\"blocks-gallery-item\"><figure><a href=\"https:\/\/beatrix.sitter-liver.ch\/wp-content\/uploads\/2021\/02\/Beatrix-Sitter-Liver_Maisopfer1978_buch62.jpg\"><img loading=\"lazy\" decoding=\"async\" width=\"1024\" height=\"1024\" src=\"https:\/\/beatrix.sitter-liver.ch\/wp-content\/uploads\/2021\/02\/Beatrix-Sitter-Liver_Maisopfer1978_buch62-1024x1024.jpg\" alt=\"Maisopfer, 1978, Gewebe aus Leien, Maisblatt, Maisbl\u00fcten, 106 x 90 cm\" data-id=\"528\" data-full-url=\"https:\/\/beatrix.sitter-liver.ch\/wp-content\/uploads\/2021\/02\/Beatrix-Sitter-Liver_Maisopfer1978_buch62.jpg\" data-link=\"https:\/\/beatrix.sitter-liver.ch\/beatrix-sitter-liver_maisopfer1978_buch62\/\" class=\"wp-image-528\" srcset=\"https:\/\/beatrix.sitter-liver.ch\/wp-content\/uploads\/2021\/02\/Beatrix-Sitter-Liver_Maisopfer1978_buch62.jpg 1024w, https:\/\/beatrix.sitter-liver.ch\/wp-content\/uploads\/2021\/02\/Beatrix-Sitter-Liver_Maisopfer1978_buch62-300x300.jpg 300w, https:\/\/beatrix.sitter-liver.ch\/wp-content\/uploads\/2021\/02\/Beatrix-Sitter-Liver_Maisopfer1978_buch62-150x150.jpg 150w, https:\/\/beatrix.sitter-liver.ch\/wp-content\/uploads\/2021\/02\/Beatrix-Sitter-Liver_Maisopfer1978_buch62-768x768.jpg 768w\" sizes=\"(max-width: 1024px) 100vw, 1024px\" \/><\/a><\/figure><\/li>\n\n<li class=\"blocks-gallery-item\"><figure><a href=\"https:\/\/beatrix.sitter-liver.ch\/wp-content\/uploads\/2021\/02\/Beatrix-Sitter-Liver_BasseLisse1963_buch53.jpg\"><img loading=\"lazy\" decoding=\"async\" width=\"1024\" height=\"656\" src=\"https:\/\/beatrix.sitter-liver.ch\/wp-content\/uploads\/2021\/02\/Beatrix-Sitter-Liver_BasseLisse1963_buch53-1024x656.jpg\" alt=\"Ohne Titel, 1963, basse lisse, Stopfgarn, 100 x 165 cm\" data-id=\"526\" data-full-url=\"https:\/\/beatrix.sitter-liver.ch\/wp-content\/uploads\/2021\/02\/Beatrix-Sitter-Liver_BasseLisse1963_buch53.jpg\" data-link=\"https:\/\/beatrix.sitter-liver.ch\/beatrix-sitter-liver_basselisse1963_buch53\/\" class=\"wp-image-526\" srcset=\"https:\/\/beatrix.sitter-liver.ch\/wp-content\/uploads\/2021\/02\/Beatrix-Sitter-Liver_BasseLisse1963_buch53-1024x656.jpg 1024w, https:\/\/beatrix.sitter-liver.ch\/wp-content\/uploads\/2021\/02\/Beatrix-Sitter-Liver_BasseLisse1963_buch53-300x192.jpg 300w, https:\/\/beatrix.sitter-liver.ch\/wp-content\/uploads\/2021\/02\/Beatrix-Sitter-Liver_BasseLisse1963_buch53-768x492.jpg 768w, https:\/\/beatrix.sitter-liver.ch\/wp-content\/uploads\/2021\/02\/Beatrix-Sitter-Liver_BasseLisse1963_buch53.jpg 1280w\" sizes=\"(max-width: 1024px) 100vw, 1024px\" \/><\/a><\/figure><\/li>\n\n<li class=\"blocks-gallery-item\"><figure><a href=\"https:\/\/beatrix.sitter-liver.ch\/wp-content\/uploads\/2021\/02\/Beatrix-Sitter-Liver_MedMantel1975-76.jpg\"><img loading=\"lazy\" decoding=\"async\" width=\"1024\" height=\"656\" src=\"https:\/\/beatrix.sitter-liver.ch\/wp-content\/uploads\/2021\/02\/Beatrix-Sitter-Liver_MedMantel1975-76-1024x656.jpg\" alt=\"Medizinmanns Mantel, 1975\/76, Tapisserie 51, 300 x 650 x 10 cm, Zieglerspital Bern\" data-id=\"527\" data-full-url=\"https:\/\/beatrix.sitter-liver.ch\/wp-content\/uploads\/2021\/02\/Beatrix-Sitter-Liver_MedMantel1975-76.jpg\" data-link=\"https:\/\/beatrix.sitter-liver.ch\/beatrix-sitter-liver_medmantel1975-76\/\" class=\"wp-image-527\" srcset=\"https:\/\/beatrix.sitter-liver.ch\/wp-content\/uploads\/2021\/02\/Beatrix-Sitter-Liver_MedMantel1975-76-1024x656.jpg 1024w, https:\/\/beatrix.sitter-liver.ch\/wp-content\/uploads\/2021\/02\/Beatrix-Sitter-Liver_MedMantel1975-76-300x192.jpg 300w, https:\/\/beatrix.sitter-liver.ch\/wp-content\/uploads\/2021\/02\/Beatrix-Sitter-Liver_MedMantel1975-76-768x492.jpg 768w, https:\/\/beatrix.sitter-liver.ch\/wp-content\/uploads\/2021\/02\/Beatrix-Sitter-Liver_MedMantel1975-76.jpg 1280w\" sizes=\"(max-width: 1024px) 100vw, 1024px\" \/><\/a><\/figure><\/li>\n\n<li class=\"blocks-gallery-item\"><figure><a href=\"https:\/\/beatrix.sitter-liver.ch\/wp-content\/uploads\/2021\/01\/22_Zenit1989-.jpg\"><img loading=\"lazy\" decoding=\"async\" width=\"1024\" height=\"655\" src=\"https:\/\/beatrix.sitter-liver.ch\/wp-content\/uploads\/2021\/01\/22_Zenit1989--1024x655.jpg\" alt=\"Zenit, 1989, Gewebe aus Leinen und aquarelliertem Papier, 157 x 278 cm\" data-id=\"507\" data-full-url=\"https:\/\/beatrix.sitter-liver.ch\/wp-content\/uploads\/2021\/01\/22_Zenit1989-.jpg\" data-link=\"https:\/\/beatrix.sitter-liver.ch\/22_zenit1989\/\" class=\"wp-image-507\" srcset=\"https:\/\/beatrix.sitter-liver.ch\/wp-content\/uploads\/2021\/01\/22_Zenit1989--1024x655.jpg 1024w, https:\/\/beatrix.sitter-liver.ch\/wp-content\/uploads\/2021\/01\/22_Zenit1989--300x192.jpg 300w, https:\/\/beatrix.sitter-liver.ch\/wp-content\/uploads\/2021\/01\/22_Zenit1989--768x491.jpg 768w, https:\/\/beatrix.sitter-liver.ch\/wp-content\/uploads\/2021\/01\/22_Zenit1989-.jpg 1280w\" sizes=\"(max-width: 1024px) 100vw, 1024px\" \/><\/a><\/figure><\/li>\n\n<li class=\"blocks-gallery-item\"><figure><a href=\"https:\/\/beatrix.sitter-liver.ch\/wp-content\/uploads\/2021\/01\/21_Aequinox2-1988-.jpg\"><img loading=\"lazy\" decoding=\"async\" width=\"1024\" height=\"656\" src=\"https:\/\/beatrix.sitter-liver.ch\/wp-content\/uploads\/2021\/01\/21_Aequinox2-1988--1024x656.jpg\" alt=\"Aequinox 2, 1988, Gewebe aus Leinen und aquarelliertem Papier, 150 x 254 cm\" data-id=\"506\" data-full-url=\"https:\/\/beatrix.sitter-liver.ch\/wp-content\/uploads\/2021\/01\/21_Aequinox2-1988-.jpg\" data-link=\"https:\/\/beatrix.sitter-liver.ch\/21_aequinox2-1988\/\" class=\"wp-image-506\" srcset=\"https:\/\/beatrix.sitter-liver.ch\/wp-content\/uploads\/2021\/01\/21_Aequinox2-1988--1024x656.jpg 1024w, https:\/\/beatrix.sitter-liver.ch\/wp-content\/uploads\/2021\/01\/21_Aequinox2-1988--300x192.jpg 300w, https:\/\/beatrix.sitter-liver.ch\/wp-content\/uploads\/2021\/01\/21_Aequinox2-1988--768x492.jpg 768w, https:\/\/beatrix.sitter-liver.ch\/wp-content\/uploads\/2021\/01\/21_Aequinox2-1988-.jpg 1280w\" sizes=\"(max-width: 1024px) 100vw, 1024px\" \/><\/a><\/figure><\/li>\n\n<li class=\"blocks-gallery-item\"><figure><a href=\"https:\/\/beatrix.sitter-liver.ch\/wp-content\/uploads\/2021\/07\/Beatrix-Sitter-Liver_StummeBuecher_1979-80.jpg\"><img loading=\"lazy\" decoding=\"async\" width=\"1024\" height=\"752\" src=\"https:\/\/beatrix.sitter-liver.ch\/wp-content\/uploads\/2021\/07\/Beatrix-Sitter-Liver_StummeBuecher_1979-80-1024x752.jpg\" alt=\"Stumme B\u00fccher, 1979\/80, Leinen, Mohair, Pflanzenteile, Federn, diverse Formate\" data-id=\"800\" data-full-url=\"https:\/\/beatrix.sitter-liver.ch\/wp-content\/uploads\/2021\/07\/Beatrix-Sitter-Liver_StummeBuecher_1979-80.jpg\" data-link=\"https:\/\/beatrix.sitter-liver.ch\/beatrix-sitter-liver_stummebuecher_1979-80\/\" class=\"wp-image-800\" srcset=\"https:\/\/beatrix.sitter-liver.ch\/wp-content\/uploads\/2021\/07\/Beatrix-Sitter-Liver_StummeBuecher_1979-80-1024x752.jpg 1024w, https:\/\/beatrix.sitter-liver.ch\/wp-content\/uploads\/2021\/07\/Beatrix-Sitter-Liver_StummeBuecher_1979-80-300x220.jpg 300w, https:\/\/beatrix.sitter-liver.ch\/wp-content\/uploads\/2021\/07\/Beatrix-Sitter-Liver_StummeBuecher_1979-80-768x564.jpg 768w, https:\/\/beatrix.sitter-liver.ch\/wp-content\/uploads\/2021\/07\/Beatrix-Sitter-Liver_StummeBuecher_1979-80.jpg 1280w\" sizes=\"(max-width: 1024px) 100vw, 1024px\" \/><\/a><\/figure><\/li>\n\n<li class=\"blocks-gallery-item\"><figure><a href=\"https:\/\/beatrix.sitter-liver.ch\/wp-content\/uploads\/2021\/07\/Beatrix-Sitter-Liver_PajaroAzul-1_1980.jpg\"><img loading=\"lazy\" decoding=\"async\" width=\"1024\" height=\"752\" src=\"https:\/\/beatrix.sitter-liver.ch\/wp-content\/uploads\/2021\/07\/Beatrix-Sitter-Liver_PajaroAzul-1_1980-1024x752.jpg\" alt=\"Doppelseite aus dem Buch P\u00e1jaro az\u00fal en mi alma 2, 1980\" data-id=\"797\" data-full-url=\"https:\/\/beatrix.sitter-liver.ch\/wp-content\/uploads\/2021\/07\/Beatrix-Sitter-Liver_PajaroAzul-1_1980.jpg\" data-link=\"https:\/\/beatrix.sitter-liver.ch\/beatrix-sitter-liver_pajaroazul-1_1980\/\" class=\"wp-image-797\" srcset=\"https:\/\/beatrix.sitter-liver.ch\/wp-content\/uploads\/2021\/07\/Beatrix-Sitter-Liver_PajaroAzul-1_1980-1024x752.jpg 1024w, https:\/\/beatrix.sitter-liver.ch\/wp-content\/uploads\/2021\/07\/Beatrix-Sitter-Liver_PajaroAzul-1_1980-300x220.jpg 300w, https:\/\/beatrix.sitter-liver.ch\/wp-content\/uploads\/2021\/07\/Beatrix-Sitter-Liver_PajaroAzul-1_1980-768x564.jpg 768w, https:\/\/beatrix.sitter-liver.ch\/wp-content\/uploads\/2021\/07\/Beatrix-Sitter-Liver_PajaroAzul-1_1980.jpg 1280w\" sizes=\"(max-width: 1024px) 100vw, 1024px\" \/><\/a><\/figure><\/li>\n\n<li class=\"blocks-gallery-item\"><figure><a href=\"https:\/\/beatrix.sitter-liver.ch\/wp-content\/uploads\/2021\/07\/Beatrix-Sitter-Liver_PajaroAzul-2_1980.jpg\"><img loading=\"lazy\" decoding=\"async\" width=\"1024\" height=\"752\" src=\"https:\/\/beatrix.sitter-liver.ch\/wp-content\/uploads\/2021\/07\/Beatrix-Sitter-Liver_PajaroAzul-2_1980-1024x752.jpg\" alt=\"Doppelseite aus dem Buch P\u00e1jaro az\u00fal en mi alma 2, 1980\" data-id=\"798\" data-full-url=\"https:\/\/beatrix.sitter-liver.ch\/wp-content\/uploads\/2021\/07\/Beatrix-Sitter-Liver_PajaroAzul-2_1980.jpg\" data-link=\"https:\/\/beatrix.sitter-liver.ch\/beatrix-sitter-liver_pajaroazul-2_1980\/\" class=\"wp-image-798\" srcset=\"https:\/\/beatrix.sitter-liver.ch\/wp-content\/uploads\/2021\/07\/Beatrix-Sitter-Liver_PajaroAzul-2_1980-1024x752.jpg 1024w, https:\/\/beatrix.sitter-liver.ch\/wp-content\/uploads\/2021\/07\/Beatrix-Sitter-Liver_PajaroAzul-2_1980-300x220.jpg 300w, https:\/\/beatrix.sitter-liver.ch\/wp-content\/uploads\/2021\/07\/Beatrix-Sitter-Liver_PajaroAzul-2_1980-768x564.jpg 768w, https:\/\/beatrix.sitter-liver.ch\/wp-content\/uploads\/2021\/07\/Beatrix-Sitter-Liver_PajaroAzul-2_1980.jpg 1280w\" sizes=\"(max-width: 1024px) 100vw, 1024px\" \/><\/a><\/figure><\/li>\n\n<li class=\"blocks-gallery-item\"><figure><a href=\"https:\/\/beatrix.sitter-liver.ch\/wp-content\/uploads\/2021\/07\/Beatrix-Sitter-Liver_PajaroAzul-3_1980.jpg\"><img loading=\"lazy\" decoding=\"async\" width=\"1024\" height=\"752\" src=\"https:\/\/beatrix.sitter-liver.ch\/wp-content\/uploads\/2021\/07\/Beatrix-Sitter-Liver_PajaroAzul-3_1980-1024x752.jpg\" alt=\"Doppelseite aus dem Buch P\u00e1jaro az\u00fal en mi alma 2, 1980\" data-id=\"799\" data-full-url=\"https:\/\/beatrix.sitter-liver.ch\/wp-content\/uploads\/2021\/07\/Beatrix-Sitter-Liver_PajaroAzul-3_1980.jpg\" data-link=\"https:\/\/beatrix.sitter-liver.ch\/beatrix-sitter-liver_pajaroazul-3_1980\/\" class=\"wp-image-799\" srcset=\"https:\/\/beatrix.sitter-liver.ch\/wp-content\/uploads\/2021\/07\/Beatrix-Sitter-Liver_PajaroAzul-3_1980-1024x752.jpg 1024w, https:\/\/beatrix.sitter-liver.ch\/wp-content\/uploads\/2021\/07\/Beatrix-Sitter-Liver_PajaroAzul-3_1980-300x220.jpg 300w, https:\/\/beatrix.sitter-liver.ch\/wp-content\/uploads\/2021\/07\/Beatrix-Sitter-Liver_PajaroAzul-3_1980-768x564.jpg 768w, https:\/\/beatrix.sitter-liver.ch\/wp-content\/uploads\/2021\/07\/Beatrix-Sitter-Liver_PajaroAzul-3_1980.jpg 1280w\" sizes=\"(max-width: 1024px) 100vw, 1024px\" \/><\/a><\/figure><\/li>\n\n<li class=\"blocks-gallery-item\"><figure><a href=\"https:\/\/beatrix.sitter-liver.ch\/wp-content\/uploads\/2021\/07\/Beatrix-Sitter-Liver_3stadien_1973.jpg\" style=\"align-self:start;\"><img loading=\"lazy\" decoding=\"async\" width=\"1024\" height=\"953\" src=\"https:\/\/beatrix.sitter-liver.ch\/wp-content\/uploads\/2021\/07\/Beatrix-Sitter-Liver_3stadien_1973-1024x953.jpg\" alt=\"Drei Stadien, 1973, Tapisserie 37, Wolle, 174 x 180 cm\" data-id=\"801\" data-full-url=\"https:\/\/beatrix.sitter-liver.ch\/wp-content\/uploads\/2021\/07\/Beatrix-Sitter-Liver_3stadien_1973.jpg\" data-link=\"https:\/\/beatrix.sitter-liver.ch\/beatrix-sitter-liver_3stadien_1973\/\" class=\"wp-image-801\" srcset=\"https:\/\/beatrix.sitter-liver.ch\/wp-content\/uploads\/2021\/07\/Beatrix-Sitter-Liver_3stadien_1973-1024x953.jpg 1024w, https:\/\/beatrix.sitter-liver.ch\/wp-content\/uploads\/2021\/07\/Beatrix-Sitter-Liver_3stadien_1973-300x279.jpg 300w, https:\/\/beatrix.sitter-liver.ch\/wp-content\/uploads\/2021\/07\/Beatrix-Sitter-Liver_3stadien_1973-768x715.jpg 768w, https:\/\/beatrix.sitter-liver.ch\/wp-content\/uploads\/2021\/07\/Beatrix-Sitter-Liver_3stadien_1973.jpg 1100w\" sizes=\"(max-width: 1024px) 100vw, 1024px\" \/><\/a><\/figure><\/li>\n\n<!--\n<li class=\"blocks-gallery-item\"><figure><a href=\"https:\/\/beatrix.sitter-liver.ch\/wp-content\/uploads\/2021\/07\/Beatrix-Sitter-Liver_TwoWings_1979_wider.jpg\" style=\"align-self:start;\"><img loading=\"lazy\" decoding=\"async\" width=\"1024\" height=\"953\" src=\"https:\/\/beatrix.sitter-liver.ch\/wp-content\/uploads\/2021\/07\/Beatrix-Sitter-Liver_TwoWings_1979_wider-1024x953.jpg\" alt=\"Two Wings, 1979, No. 85, Wolle, Flachs, Federn, 215 x 180 cm\" data-id=\"816\" data-full-url=\"https:\/\/beatrix.sitter-liver.ch\/wp-content\/uploads\/2021\/07\/Beatrix-Sitter-Liver_TwoWings_1979_wider.jpg\" data-link=\"https:\/\/beatrix.sitter-liver.ch\/beatrix-sitter-liver_twowings_1979_wider\/\" class=\"wp-image-816\" srcset=\"https:\/\/beatrix.sitter-liver.ch\/wp-content\/uploads\/2021\/07\/Beatrix-Sitter-Liver_TwoWings_1979_wider-1024x953.jpg 1024w, https:\/\/beatrix.sitter-liver.ch\/wp-content\/uploads\/2021\/07\/Beatrix-Sitter-Liver_TwoWings_1979_wider-300x279.jpg 300w, https:\/\/beatrix.sitter-liver.ch\/wp-content\/uploads\/2021\/07\/Beatrix-Sitter-Liver_TwoWings_1979_wider-768x715.jpg 768w, https:\/\/beatrix.sitter-liver.ch\/wp-content\/uploads\/2021\/07\/Beatrix-Sitter-Liver_TwoWings_1979_wider.jpg 1100w\" sizes=\"(max-width: 1024px) 100vw, 1024px\" \/><\/a><\/figure><\/li>\n\n<li class=\"blocks-gallery-item\"><figure><a href=\"https:\/\/beatrix.sitter-liver.ch\/wp-content\/uploads\/2021\/07\/Beatrix-Sitter-Liver_Requiem_1983_1280x1191.jpg\" style=\"align-self:start;\"><img loading=\"lazy\" decoding=\"async\" width=\"1024\" height=\"953\" src=\"https:\/\/beatrix.sitter-liver.ch\/wp-content\/uploads\/2021\/07\/Beatrix-Sitter-Liver_Requiem_1983_1280x1191-1024x953.jpg\" alt=\"Requiem f\u00fcr einen Sommer, 1983, Leinen, Schilf, Mohair, Federn, 200 x 210 cm\" data-id=\"820\" data-full-url=\"https:\/\/beatrix.sitter-liver.ch\/wp-content\/uploads\/2021\/07\/Beatrix-Sitter-Liver_Requiem_1983_1280x1191.jpg\" data-link=\"https:\/\/beatrix.sitter-liver.ch\/beatrix-sitter-liver_requiem_1983_1280x1191\/\" class=\"wp-image-820\" srcset=\"https:\/\/beatrix.sitter-liver.ch\/wp-content\/uploads\/2021\/07\/Beatrix-Sitter-Liver_Requiem_1983_1280x1191-1024x953.jpg 1024w, https:\/\/beatrix.sitter-liver.ch\/wp-content\/uploads\/2021\/07\/Beatrix-Sitter-Liver_Requiem_1983_1280x1191-300x279.jpg 300w, https:\/\/beatrix.sitter-liver.ch\/wp-content\/uploads\/2021\/07\/Beatrix-Sitter-Liver_Requiem_1983_1280x1191-768x715.jpg 768w, https:\/\/beatrix.sitter-liver.ch\/wp-content\/uploads\/2021\/07\/Beatrix-Sitter-Liver_Requiem_1983_1280x1191.jpg 1280w\" sizes=\"(max-width: 1024px) 100vw, 1024px\" \/><\/a><\/figure><\/li>\n-->\n\n<li class=\"blocks-gallery-item\"><figure><a href=\"https:\/\/beatrix.sitter-liver.ch\/wp-content\/uploads\/2021\/07\/Beatrix-Sitter-Liver_Requiem_1983_1280x1078.jpg\" style=\"align-self:start;\"><img loading=\"lazy\" decoding=\"async\" width=\"1024\" height=\"862\" src=\"https:\/\/beatrix.sitter-liver.ch\/wp-content\/uploads\/2021\/07\/Beatrix-Sitter-Liver_Requiem_1983_1280x1078-1024x862.jpg\" alt=\"Requiem f\u00fcr einen Sommer, 1983, Leinen, Schilf, Mohair, Federn, 200 x 210 cm\" data-id=\"782\" data-full-url=\"https:\/\/beatrix.sitter-liver.ch\/wp-content\/uploads\/2021\/07\/Beatrix-Sitter-Liver_Requiem_1983_1280x1078.jpg\" data-link=\"https:\/\/beatrix.sitter-liver.ch\/beatrix-sitter-liver_requiem_1983_1280x1078\/\" class=\"wp-image-782\" srcset=\"https:\/\/beatrix.sitter-liver.ch\/wp-content\/uploads\/2021\/07\/Beatrix-Sitter-Liver_Requiem_1983_1280x1078-1024x862.jpg 1024w, https:\/\/beatrix.sitter-liver.ch\/wp-content\/uploads\/2021\/07\/Beatrix-Sitter-Liver_Requiem_1983_1280x1078-300x253.jpg 300w, https:\/\/beatrix.sitter-liver.ch\/wp-content\/uploads\/2021\/07\/Beatrix-Sitter-Liver_Requiem_1983_1280x1078-768x647.jpg 768w, https:\/\/beatrix.sitter-liver.ch\/wp-content\/uploads\/2021\/07\/Beatrix-Sitter-Liver_Requiem_1983_1280x1078.jpg 1280w\" sizes=\"(max-width: 1024px) 100vw, 1024px\" \/><\/a><\/figure><\/li>\n\n\n<li class=\"blocks-gallery-item\"><figure><a href=\"https:\/\/beatrix.sitter-liver.ch\/wp-content\/uploads\/2021\/07\/Beatrix-Sitter-Liver_TwoWings_1979_wider.jpg\" style=\"align-self:start;\"><img loading=\"lazy\" decoding=\"async\" width=\"1024\" height=\"953\" src=\"https:\/\/beatrix.sitter-liver.ch\/wp-content\/uploads\/2021\/07\/Beatrix-Sitter-Liver_TwoWings_1979_wider-1024x953.jpg\" alt=\"Two Wings, 1979, No. 85, Wolle, Flachs, Federn, 215 x 180 cm\" data-id=\"816\" data-full-url=\"https:\/\/beatrix.sitter-liver.ch\/wp-content\/uploads\/2021\/07\/Beatrix-Sitter-Liver_TwoWings_1979_wider.jpg\" data-link=\"https:\/\/beatrix.sitter-liver.ch\/beatrix-sitter-liver_twowings_1979_wider\/\" class=\"wp-image-816\" srcset=\"https:\/\/beatrix.sitter-liver.ch\/wp-content\/uploads\/2021\/07\/Beatrix-Sitter-Liver_TwoWings_1979_wider-1024x953.jpg 1024w, https:\/\/beatrix.sitter-liver.ch\/wp-content\/uploads\/2021\/07\/Beatrix-Sitter-Liver_TwoWings_1979_wider-300x279.jpg 300w, https:\/\/beatrix.sitter-liver.ch\/wp-content\/uploads\/2021\/07\/Beatrix-Sitter-Liver_TwoWings_1979_wider-768x715.jpg 768w, https:\/\/beatrix.sitter-liver.ch\/wp-content\/uploads\/2021\/07\/Beatrix-Sitter-Liver_TwoWings_1979_wider.jpg 1100w\" sizes=\"(max-width: 1024px) 100vw, 1024px\" \/><\/a><\/figure><\/li>\n\n<!--\n<li class=\"blocks-gallery-item\"><figure><a href=\"https:\/\/beatrix.sitter-liver.ch\/wp-content\/uploads\/2021\/07\/Beatrix-Sitter-Liver_intermezzo1984_1280x1191.jpg\" style=\"align-self:start;\"><img loading=\"lazy\" decoding=\"async\" width=\"1024\" height=\"953\" src=\"https:\/\/beatrix.sitter-liver.ch\/wp-content\/uploads\/2021\/07\/Beatrix-Sitter-Liver_intermezzo1984_1280x1191-1024x953.jpg\" alt=\"Intermezzo, 1984, Gewebe aus Leinen, Schilf, aquarelliertem Papier, Federn, 220 x 250 cm, Ersparniskasse Nidau\" data-id=\"821\" data-full-url=\"https:\/\/beatrix.sitter-liver.ch\/wp-content\/uploads\/2021\/07\/Beatrix-Sitter-Liver_intermezzo1984_1280x1191.jpg\" data-link=\"https:\/\/beatrix.sitter-liver.ch\/beatrix-sitter-liver_intermezzo1984_1280x1191\/\" class=\"wp-image-821\" srcset=\"https:\/\/beatrix.sitter-liver.ch\/wp-content\/uploads\/2021\/07\/Beatrix-Sitter-Liver_intermezzo1984_1280x1191-1024x953.jpg 1024w, https:\/\/beatrix.sitter-liver.ch\/wp-content\/uploads\/2021\/07\/Beatrix-Sitter-Liver_intermezzo1984_1280x1191-300x279.jpg 300w, https:\/\/beatrix.sitter-liver.ch\/wp-content\/uploads\/2021\/07\/Beatrix-Sitter-Liver_intermezzo1984_1280x1191-768x715.jpg 768w, https:\/\/beatrix.sitter-liver.ch\/wp-content\/uploads\/2021\/07\/Beatrix-Sitter-Liver_intermezzo1984_1280x1191.jpg 1280w\" sizes=\"(max-width: 1024px) 100vw, 1024px\" \/><\/a><\/figure><\/li>\n-->\n\n<li class=\"blocks-gallery-item\"><figure><a href=\"https:\/\/beatrix.sitter-liver.ch\/wp-content\/uploads\/2021\/02\/Beatrix-Sitter-Liver_intermezzo1084_1280x1137.jpg\" style=\"align-self:start;\"><img loading=\"lazy\" decoding=\"async\" width=\"1024\" height=\"910\" src=\"https:\/\/beatrix.sitter-liver.ch\/wp-content\/uploads\/2021\/02\/Beatrix-Sitter-Liver_intermezzo1084_1280x1137-1024x910.jpg\" alt=\"Intermezzo, 1984, Gewebe aus Leinen, Schilf, aquarelliertem Papier, Federn, 220 x 250 cm, Ersparniskasse Nidau\" data-id=\"531\" data-full-url=\"https:\/\/beatrix.sitter-liver.ch\/wp-content\/uploads\/2021\/02\/Beatrix-Sitter-Liver_intermezzo1084_1280x1137.jpg\" data-link=\"https:\/\/beatrix.sitter-liver.ch\/beatrix-sitter-liver_intermezzo1084_1280x1137\/\" class=\"wp-image-531\" srcset=\"https:\/\/beatrix.sitter-liver.ch\/wp-content\/uploads\/2021\/02\/Beatrix-Sitter-Liver_intermezzo1084_1280x1137-1024x910.jpg 1024w, https:\/\/beatrix.sitter-liver.ch\/wp-content\/uploads\/2021\/02\/Beatrix-Sitter-Liver_intermezzo1084_1280x1137-300x266.jpg 300w, https:\/\/beatrix.sitter-liver.ch\/wp-content\/uploads\/2021\/02\/Beatrix-Sitter-Liver_intermezzo1084_1280x1137-768x682.jpg 768w, https:\/\/beatrix.sitter-liver.ch\/wp-content\/uploads\/2021\/02\/Beatrix-Sitter-Liver_intermezzo1084_1280x1137.jpg 1280w\" sizes=\"(max-width: 1024px) 100vw, 1024px\" \/><\/a><\/figure><\/li>\n\n<\/ul><\/figure>\n","protected":false},"excerpt":{"rendered":"","protected":false},"author":1,"featured_media":0,"parent":95,"menu_order":0,"comment_status":"closed","ping_status":"closed","template":"","meta":{"footnotes":""},"_links":{"self":[{"href":"https:\/\/beatrix.sitter-liver.ch\/index.php\/wp-json\/wp\/v2\/pages\/101"}],"collection":[{"href":"https:\/\/beatrix.sitter-liver.ch\/index.php\/wp-json\/wp\/v2\/pages"}],"about":[{"href":"https:\/\/beatrix.sitter-liver.ch\/index.php\/wp-json\/wp\/v2\/types\/page"}],"author":[{"embeddable":true,"href":"https:\/\/beatrix.sitter-liver.ch\/index.php\/wp-json\/wp\/v2\/users\/1"}],"replies":[{"embeddable":true,"href":"https:\/\/beatrix.sitter-liver.ch\/index.php\/wp-json\/wp\/v2\/comments?post=101"}],"version-history":[{"count":69,"href":"https:\/\/beatrix.sitter-liver.ch\/index.php\/wp-json\/wp\/v2\/pages\/101\/revisions"}],"predecessor-version":[{"id":840,"href":"https:\/\/beatrix.sitter-liver.ch\/index.php\/wp-json\/wp\/v2\/pages\/101\/revisions\/840"}],"up":[{"embeddable":true,"href":"https:\/\/beatrix.sitter-liver.ch\/index.php\/wp-json\/wp\/v2\/pages\/95"}],"wp:attachment":[{"href":"https:\/\/beatrix.sitter-liver.ch\/index.php\/wp-json\/wp\/v2\/media?parent=101"}],"curies":[{"name":"wp","href":"https:\/\/api.w.org\/{rel}","templated":true}]}}