{"id":17,"date":"2020-12-08T20:46:24","date_gmt":"2020-12-08T20:46:24","guid":{"rendered":"https:\/\/beatrix.sitter-liver.ch\/?page_id=17"},"modified":"2021-03-07T15:42:53","modified_gmt":"2021-03-07T15:42:53","slug":"biografie-und-einzelausstellungen","status":"publish","type":"page","link":"https:\/\/beatrix.sitter-liver.ch\/index.php\/biografie-und-einzelausstellungen\/","title":{"rendered":"Biografie"},"content":{"rendered":"\n<p>Geboren 1938 in Chur.<br>Lebt und arbeitet in Bern.<\/p>\n\n\n\n<p>Nach der Matura Besuch der <strong>Schule f\u00fcr Gestaltung Bern<\/strong> (Malerei, Zeichnung, Druckgrafik) und der <strong>Universit\u00e4t Bern<\/strong> (Kunstgeschichte, Philosophie). Praktika in einem Atelier f\u00fcr Werbegrafik in Bern und in einem Trickfilmstudio in Bonn. Lehr- und Wanderjahre: USA, Island, Malta, Deutschland \u2013 fortan \u201e\u00e9ducation permanente\u201c.<\/p>\n\n\n\n<p>In den Sechzigerjahren drei eidgen\u00f6ssische <strong>Stipendien<\/strong> f\u00fcr Tapisserie, 1982 <strong>Anerkennungspreis<\/strong> des Kantons Graub\u00fcnden, 1987 <strong>Werkbeitr\u00e4ge<\/strong> von Kanton und Stadt Bern und der Esther Matossi-Stiftung Z\u00fcrich. 1990\/91 und 1997 <strong>Arbeitsaufenthalte <\/strong>an der Cit\u00e9 Internationale des Arts&nbsp; Paris; 2000 als Gast am Istituto Svizzero in Rom; 2013\/14 Venedig-Stipendium der Forberg Stiftung.<\/p>\n\n\n\n<p>1962 bis 1964 eigenes Atelier f\u00fcr Gebrauchsgrafik in Bern. 1965 Geburt einer Tochter, 1968 eines Sohnes. Ab dieser Zeit lag w\u00e4hrend 20 Jahren der Schwerpunkt in der Textilkunst mit vielen internationalen Ausstellungen und Publikationen; textile Wand- und Raumgestaltungen f\u00fcr \u00fcber 30 \u00f6ffentliche Bauten. Entwicklung vom kompakten Wandteppich in Wolle und Kelimtechnik bis zu lichten Geweben aus Zweigen, Schilf und Papier. 1989 entstand das letzte Werk vom Hochwebstuhl.<\/p>\n\n\n\n<p>Die Arbeit der Achtzigerjahre war stark materialbestimmt \u2013 rohe Erden als Pigmente, Papier als frei sch\u00f6pf- und pr\u00e4gbare Masse, Staub aus dem Tumbler, \u201estumme B\u00fccher\u201c \u2013 und f\u00fchrte letztlich zur\u00fcck zu den klassischen Medien. Seit 1990 stehen Malerei und Zeichnung wieder ganz im Mittelpunkt; daneben Druckgrafik, &nbsp;Installationen und Kunst im \u00f6ffentlichen Raum.<\/p>\n","protected":false},"excerpt":{"rendered":"<p>Geboren 1938 in Chur.Lebt und arbeitet in Bern. Nach der Matura Besuch der Schule f\u00fcr Gestaltung Bern (Malerei, Zeichnung, Druckgrafik) und der Universit\u00e4t Bern (Kunstgeschichte, Philosophie). Praktika in einem Atelier&hellip;<\/p>\n","protected":false},"author":1,"featured_media":0,"parent":0,"menu_order":0,"comment_status":"closed","ping_status":"closed","template":"","meta":{"footnotes":""},"_links":{"self":[{"href":"https:\/\/beatrix.sitter-liver.ch\/index.php\/wp-json\/wp\/v2\/pages\/17"}],"collection":[{"href":"https:\/\/beatrix.sitter-liver.ch\/index.php\/wp-json\/wp\/v2\/pages"}],"about":[{"href":"https:\/\/beatrix.sitter-liver.ch\/index.php\/wp-json\/wp\/v2\/types\/page"}],"author":[{"embeddable":true,"href":"https:\/\/beatrix.sitter-liver.ch\/index.php\/wp-json\/wp\/v2\/users\/1"}],"replies":[{"embeddable":true,"href":"https:\/\/beatrix.sitter-liver.ch\/index.php\/wp-json\/wp\/v2\/comments?post=17"}],"version-history":[{"count":7,"href":"https:\/\/beatrix.sitter-liver.ch\/index.php\/wp-json\/wp\/v2\/pages\/17\/revisions"}],"predecessor-version":[{"id":540,"href":"https:\/\/beatrix.sitter-liver.ch\/index.php\/wp-json\/wp\/v2\/pages\/17\/revisions\/540"}],"wp:attachment":[{"href":"https:\/\/beatrix.sitter-liver.ch\/index.php\/wp-json\/wp\/v2\/media?parent=17"}],"curies":[{"name":"wp","href":"https:\/\/api.w.org\/{rel}","templated":true}]}}