{"id":23,"date":"2020-12-08T20:48:00","date_gmt":"2020-12-08T20:48:00","guid":{"rendered":"https:\/\/beatrix.sitter-liver.ch\/?page_id=23"},"modified":"2021-07-20T08:02:33","modified_gmt":"2021-07-20T08:02:33","slug":"installationen","status":"publish","type":"page","link":"https:\/\/beatrix.sitter-liver.ch\/index.php\/bilder\/installationen\/","title":{"rendered":"Installationen"},"content":{"rendered":"\n<figure class=\"wp-block-gallery columns-4 is-cropped wp-block-gallery-1 is-layout-flex wp-block-gallery-is-layout-flex\"><ul class=\"blocks-gallery-grid\"><li class=\"blocks-gallery-item\"><figure><a href=\"https:\/\/beatrix.sitter-liver.ch\/wp-content\/uploads\/2020\/12\/glungge.jpg\"><img loading=\"lazy\" decoding=\"async\" width=\"1024\" height=\"691\" src=\"https:\/\/beatrix.sitter-liver.ch\/wp-content\/uploads\/2020\/12\/glungge-1024x691.jpg\" alt=\"Pf\u00fctzen, 2020, Bex &amp; Arts Triennale\" data-id=\"268\" data-full-url=\"https:\/\/beatrix.sitter-liver.ch\/wp-content\/uploads\/2020\/12\/glungge.jpg\" data-link=\"https:\/\/beatrix.sitter-liver.ch\/glungge\/\" class=\"wp-image-268\" srcset=\"https:\/\/beatrix.sitter-liver.ch\/wp-content\/uploads\/2020\/12\/glungge-1024x691.jpg 1024w, https:\/\/beatrix.sitter-liver.ch\/wp-content\/uploads\/2020\/12\/glungge-300x203.jpg 300w, https:\/\/beatrix.sitter-liver.ch\/wp-content\/uploads\/2020\/12\/glungge-768x518.jpg 768w, https:\/\/beatrix.sitter-liver.ch\/wp-content\/uploads\/2020\/12\/glungge.jpg 1280w\" sizes=\"(max-width: 1024px) 100vw, 1024px\" \/><\/a><\/figure><\/li><li class=\"blocks-gallery-item\"><figure><a href=\"https:\/\/beatrix.sitter-liver.ch\/wp-content\/uploads\/2020\/12\/1000augen1.jpg\"><img loading=\"lazy\" decoding=\"async\" width=\"1024\" height=\"691\" src=\"https:\/\/beatrix.sitter-liver.ch\/wp-content\/uploads\/2020\/12\/1000augen1-1024x691.jpg\" alt=\"Tausend Augen, 2010, Ausstellung &quot;Kunst am Wasser&quot;, Bern\" data-id=\"266\" data-full-url=\"https:\/\/beatrix.sitter-liver.ch\/wp-content\/uploads\/2020\/12\/1000augen1.jpg\" data-link=\"https:\/\/beatrix.sitter-liver.ch\/1000augen1\/\" class=\"wp-image-266\" srcset=\"https:\/\/beatrix.sitter-liver.ch\/wp-content\/uploads\/2020\/12\/1000augen1-1024x691.jpg 1024w, https:\/\/beatrix.sitter-liver.ch\/wp-content\/uploads\/2020\/12\/1000augen1-300x203.jpg 300w, https:\/\/beatrix.sitter-liver.ch\/wp-content\/uploads\/2020\/12\/1000augen1-768x518.jpg 768w, https:\/\/beatrix.sitter-liver.ch\/wp-content\/uploads\/2020\/12\/1000augen1.jpg 1280w\" sizes=\"(max-width: 1024px) 100vw, 1024px\" \/><\/a><\/figure><\/li><li class=\"blocks-gallery-item\"><figure><a href=\"https:\/\/beatrix.sitter-liver.ch\/wp-content\/uploads\/2020\/12\/1000augen2.jpg\"><img loading=\"lazy\" decoding=\"async\" width=\"1024\" height=\"691\" src=\"https:\/\/beatrix.sitter-liver.ch\/wp-content\/uploads\/2020\/12\/1000augen2-1024x691.jpg\" alt=\"Tausend Augen, 2010, Ausstellung &quot;Kunst am Wasser&quot;, Bern\" data-id=\"267\" data-full-url=\"https:\/\/beatrix.sitter-liver.ch\/wp-content\/uploads\/2020\/12\/1000augen2.jpg\" data-link=\"https:\/\/beatrix.sitter-liver.ch\/1000augen2\/\" class=\"wp-image-267\" srcset=\"https:\/\/beatrix.sitter-liver.ch\/wp-content\/uploads\/2020\/12\/1000augen2-1024x691.jpg 1024w, https:\/\/beatrix.sitter-liver.ch\/wp-content\/uploads\/2020\/12\/1000augen2-300x203.jpg 300w, https:\/\/beatrix.sitter-liver.ch\/wp-content\/uploads\/2020\/12\/1000augen2-768x518.jpg 768w, https:\/\/beatrix.sitter-liver.ch\/wp-content\/uploads\/2020\/12\/1000augen2.jpg 1280w\" sizes=\"(max-width: 1024px) 100vw, 1024px\" \/><\/a><\/figure><\/li><li class=\"blocks-gallery-item\"><figure><a href=\"https:\/\/beatrix.sitter-liver.ch\/wp-content\/uploads\/2020\/12\/46_ARTPICNIC1.jpg\"><img loading=\"lazy\" decoding=\"async\" width=\"1024\" height=\"691\" src=\"https:\/\/beatrix.sitter-liver.ch\/wp-content\/uploads\/2020\/12\/46_ARTPICNIC1-1024x691.jpg\" alt=\"Siesta, 2008, Ausstellung &quot;art picnic&quot;, Wabern-Bern\" data-id=\"265\" data-full-url=\"https:\/\/beatrix.sitter-liver.ch\/wp-content\/uploads\/2020\/12\/46_ARTPICNIC1.jpg\" data-link=\"https:\/\/beatrix.sitter-liver.ch\/46_artpicnic1\/\" class=\"wp-image-265\" srcset=\"https:\/\/beatrix.sitter-liver.ch\/wp-content\/uploads\/2020\/12\/46_ARTPICNIC1-1024x691.jpg 1024w, https:\/\/beatrix.sitter-liver.ch\/wp-content\/uploads\/2020\/12\/46_ARTPICNIC1-300x203.jpg 300w, https:\/\/beatrix.sitter-liver.ch\/wp-content\/uploads\/2020\/12\/46_ARTPICNIC1-768x518.jpg 768w, https:\/\/beatrix.sitter-liver.ch\/wp-content\/uploads\/2020\/12\/46_ARTPICNIC1.jpg 1280w\" sizes=\"(max-width: 1024px) 100vw, 1024px\" \/><\/a><\/figure><\/li><li class=\"blocks-gallery-item\"><figure><a href=\"https:\/\/beatrix.sitter-liver.ch\/wp-content\/uploads\/2020\/12\/IMGWindrose1.jpg\"><img loading=\"lazy\" decoding=\"async\" width=\"1024\" height=\"691\" src=\"https:\/\/beatrix.sitter-liver.ch\/wp-content\/uploads\/2020\/12\/IMGWindrose1-1024x691.jpg\" alt=\"Windrose \u2013 Weltrose, 1997\/98, Schule Dennikofen, Ostermundigen BE\" data-id=\"269\" data-full-url=\"https:\/\/beatrix.sitter-liver.ch\/wp-content\/uploads\/2020\/12\/IMGWindrose1.jpg\" data-link=\"https:\/\/beatrix.sitter-liver.ch\/imgwindrose1\/\" class=\"wp-image-269\" srcset=\"https:\/\/beatrix.sitter-liver.ch\/wp-content\/uploads\/2020\/12\/IMGWindrose1-1024x691.jpg 1024w, https:\/\/beatrix.sitter-liver.ch\/wp-content\/uploads\/2020\/12\/IMGWindrose1-300x203.jpg 300w, https:\/\/beatrix.sitter-liver.ch\/wp-content\/uploads\/2020\/12\/IMGWindrose1-768x518.jpg 768w, https:\/\/beatrix.sitter-liver.ch\/wp-content\/uploads\/2020\/12\/IMGWindrose1.jpg 1280w\" sizes=\"(max-width: 1024px) 100vw, 1024px\" \/><\/a><\/figure><\/li><li class=\"blocks-gallery-item\"><figure><a href=\"https:\/\/beatrix.sitter-liver.ch\/wp-content\/uploads\/2020\/12\/IMGWindrose2.jpg\"><img loading=\"lazy\" decoding=\"async\" width=\"1024\" height=\"691\" src=\"https:\/\/beatrix.sitter-liver.ch\/wp-content\/uploads\/2020\/12\/IMGWindrose2-1024x691.jpg\" alt=\"Windrose \u2013 Weltrose, 1997\/98, Schule Dennikofen, Ostermundigen BE\" data-id=\"270\" data-full-url=\"https:\/\/beatrix.sitter-liver.ch\/wp-content\/uploads\/2020\/12\/IMGWindrose2.jpg\" data-link=\"https:\/\/beatrix.sitter-liver.ch\/imgwindrose2\/\" class=\"wp-image-270\" srcset=\"https:\/\/beatrix.sitter-liver.ch\/wp-content\/uploads\/2020\/12\/IMGWindrose2-1024x691.jpg 1024w, https:\/\/beatrix.sitter-liver.ch\/wp-content\/uploads\/2020\/12\/IMGWindrose2-300x203.jpg 300w, https:\/\/beatrix.sitter-liver.ch\/wp-content\/uploads\/2020\/12\/IMGWindrose2-768x518.jpg 768w, https:\/\/beatrix.sitter-liver.ch\/wp-content\/uploads\/2020\/12\/IMGWindrose2.jpg 1280w\" sizes=\"(max-width: 1024px) 100vw, 1024px\" \/><\/a><\/figure><\/li><li class=\"blocks-gallery-item\"><figure><a href=\"https:\/\/beatrix.sitter-liver.ch\/wp-content\/uploads\/2021\/01\/38_Heutuecher1_gradation.jpg\"><img loading=\"lazy\" decoding=\"async\" width=\"1024\" height=\"691\" src=\"https:\/\/beatrix.sitter-liver.ch\/wp-content\/uploads\/2021\/01\/38_Heutuecher1_gradation-1024x691.jpg\" alt=\"Flerdner Heut\u00fccher, 1981-1989, St\u00e4dtische Galerie am Abdinghof, Paderborn 1991\" data-id=\"454\" data-full-url=\"https:\/\/beatrix.sitter-liver.ch\/wp-content\/uploads\/2021\/01\/38_Heutuecher1_gradation.jpg\" data-link=\"https:\/\/beatrix.sitter-liver.ch\/38_heutuecher1_gradation\/\" class=\"wp-image-454\" srcset=\"https:\/\/beatrix.sitter-liver.ch\/wp-content\/uploads\/2021\/01\/38_Heutuecher1_gradation-1024x691.jpg 1024w, https:\/\/beatrix.sitter-liver.ch\/wp-content\/uploads\/2021\/01\/38_Heutuecher1_gradation-300x203.jpg 300w, https:\/\/beatrix.sitter-liver.ch\/wp-content\/uploads\/2021\/01\/38_Heutuecher1_gradation-768x518.jpg 768w, https:\/\/beatrix.sitter-liver.ch\/wp-content\/uploads\/2021\/01\/38_Heutuecher1_gradation.jpg 1280w\" sizes=\"(max-width: 1024px) 100vw, 1024px\" \/><\/a><\/figure><\/li><li class=\"blocks-gallery-item\"><figure><a href=\"https:\/\/beatrix.sitter-liver.ch\/wp-content\/uploads\/2020\/12\/Chur_Heutuecher.jpg\"><img loading=\"lazy\" decoding=\"async\" width=\"1024\" height=\"691\" src=\"https:\/\/beatrix.sitter-liver.ch\/wp-content\/uploads\/2020\/12\/Chur_Heutuecher-1024x691.jpg\" alt=\"Flerdner Heut\u00fccher, 1981-1989, Installation &quot;H\u00e4ute&quot;, B\u00fcndner Kunstmuseum\" data-id=\"284\" data-full-url=\"https:\/\/beatrix.sitter-liver.ch\/wp-content\/uploads\/2020\/12\/Chur_Heutuecher.jpg\" data-link=\"https:\/\/beatrix.sitter-liver.ch\/chur_heutuecher\/\" class=\"wp-image-284\" srcset=\"https:\/\/beatrix.sitter-liver.ch\/wp-content\/uploads\/2020\/12\/Chur_Heutuecher-1024x691.jpg 1024w, https:\/\/beatrix.sitter-liver.ch\/wp-content\/uploads\/2020\/12\/Chur_Heutuecher-300x203.jpg 300w, https:\/\/beatrix.sitter-liver.ch\/wp-content\/uploads\/2020\/12\/Chur_Heutuecher-768x518.jpg 768w, https:\/\/beatrix.sitter-liver.ch\/wp-content\/uploads\/2020\/12\/Chur_Heutuecher.jpg 1280w\" sizes=\"(max-width: 1024px) 100vw, 1024px\" \/><\/a><\/figure><\/li><li class=\"blocks-gallery-item\"><figure><a href=\"https:\/\/beatrix.sitter-liver.ch\/wp-content\/uploads\/2020\/12\/IMGBellelay1.jpg\"><img loading=\"lazy\" decoding=\"async\" width=\"1024\" height=\"1024\" src=\"https:\/\/beatrix.sitter-liver.ch\/wp-content\/uploads\/2020\/12\/IMGBellelay1-1024x1024.jpg\" alt=\"Stucco, Bewegung im Raum, 1990, Ausstellung Abbatiale de Bellelay\" data-id=\"274\" data-full-url=\"https:\/\/beatrix.sitter-liver.ch\/wp-content\/uploads\/2020\/12\/IMGBellelay1.jpg\" data-link=\"https:\/\/beatrix.sitter-liver.ch\/imgbellelay1\/\" class=\"wp-image-274\" srcset=\"https:\/\/beatrix.sitter-liver.ch\/wp-content\/uploads\/2020\/12\/IMGBellelay1.jpg 1024w, https:\/\/beatrix.sitter-liver.ch\/wp-content\/uploads\/2020\/12\/IMGBellelay1-300x300.jpg 300w, https:\/\/beatrix.sitter-liver.ch\/wp-content\/uploads\/2020\/12\/IMGBellelay1-150x150.jpg 150w, https:\/\/beatrix.sitter-liver.ch\/wp-content\/uploads\/2020\/12\/IMGBellelay1-768x768.jpg 768w\" sizes=\"(max-width: 1024px) 100vw, 1024px\" \/><\/a><\/figure><\/li><li class=\"blocks-gallery-item\"><figure><a href=\"https:\/\/beatrix.sitter-liver.ch\/wp-content\/uploads\/2020\/12\/IMGBellelay2.jpg\"><img loading=\"lazy\" decoding=\"async\" width=\"1024\" height=\"1024\" src=\"https:\/\/beatrix.sitter-liver.ch\/wp-content\/uploads\/2020\/12\/IMGBellelay2-1024x1024.jpg\" alt=\"La table, 1999, Ausstellung Abbatiale de Bellelay\" data-id=\"275\" data-full-url=\"https:\/\/beatrix.sitter-liver.ch\/wp-content\/uploads\/2020\/12\/IMGBellelay2.jpg\" data-link=\"https:\/\/beatrix.sitter-liver.ch\/imgbellelay2\/\" class=\"wp-image-275\" srcset=\"https:\/\/beatrix.sitter-liver.ch\/wp-content\/uploads\/2020\/12\/IMGBellelay2.jpg 1024w, https:\/\/beatrix.sitter-liver.ch\/wp-content\/uploads\/2020\/12\/IMGBellelay2-300x300.jpg 300w, https:\/\/beatrix.sitter-liver.ch\/wp-content\/uploads\/2020\/12\/IMGBellelay2-150x150.jpg 150w, https:\/\/beatrix.sitter-liver.ch\/wp-content\/uploads\/2020\/12\/IMGBellelay2-768x768.jpg 768w\" sizes=\"(max-width: 1024px) 100vw, 1024px\" \/><\/a><\/figure><\/li><li class=\"blocks-gallery-item\"><figure><a href=\"https:\/\/beatrix.sitter-liver.ch\/wp-content\/uploads\/2021\/01\/IMGSBAltstetten4.jpg\"><img loading=\"lazy\" decoding=\"async\" width=\"1024\" height=\"1024\" src=\"https:\/\/beatrix.sitter-liver.ch\/wp-content\/uploads\/2021\/01\/IMGSBAltstetten4-1024x1024.jpg\" alt=\"Punkt-Linie-Fl\u00e4che, 1990, Schweizerischer Bankverein Z\u00fcrich-Altstetten\" data-id=\"453\" data-full-url=\"https:\/\/beatrix.sitter-liver.ch\/wp-content\/uploads\/2021\/01\/IMGSBAltstetten4.jpg\" data-link=\"https:\/\/beatrix.sitter-liver.ch\/imgsbaltstetten4\/\" class=\"wp-image-453\" srcset=\"https:\/\/beatrix.sitter-liver.ch\/wp-content\/uploads\/2021\/01\/IMGSBAltstetten4.jpg 1024w, https:\/\/beatrix.sitter-liver.ch\/wp-content\/uploads\/2021\/01\/IMGSBAltstetten4-300x300.jpg 300w, https:\/\/beatrix.sitter-liver.ch\/wp-content\/uploads\/2021\/01\/IMGSBAltstetten4-150x150.jpg 150w, https:\/\/beatrix.sitter-liver.ch\/wp-content\/uploads\/2021\/01\/IMGSBAltstetten4-768x768.jpg 768w\" sizes=\"(max-width: 1024px) 100vw, 1024px\" \/><\/a><\/figure><\/li><li class=\"blocks-gallery-item\"><figure><a href=\"https:\/\/beatrix.sitter-liver.ch\/wp-content\/uploads\/2020\/12\/IMGSBVAltstetten2.jpg\"><img loading=\"lazy\" decoding=\"async\" width=\"1024\" height=\"1024\" src=\"https:\/\/beatrix.sitter-liver.ch\/wp-content\/uploads\/2020\/12\/IMGSBVAltstetten2-1024x1024.jpg\" alt=\"Punkt-Linie-Fl\u00e4che, 1990, Schweizerischer Bankverein Z\u00fcrich-Altstetten\" data-id=\"276\" data-full-url=\"https:\/\/beatrix.sitter-liver.ch\/wp-content\/uploads\/2020\/12\/IMGSBVAltstetten2.jpg\" data-link=\"https:\/\/beatrix.sitter-liver.ch\/imgsbvaltstetten2\/\" class=\"wp-image-276\" srcset=\"https:\/\/beatrix.sitter-liver.ch\/wp-content\/uploads\/2020\/12\/IMGSBVAltstetten2.jpg 1024w, https:\/\/beatrix.sitter-liver.ch\/wp-content\/uploads\/2020\/12\/IMGSBVAltstetten2-300x300.jpg 300w, https:\/\/beatrix.sitter-liver.ch\/wp-content\/uploads\/2020\/12\/IMGSBVAltstetten2-150x150.jpg 150w, https:\/\/beatrix.sitter-liver.ch\/wp-content\/uploads\/2020\/12\/IMGSBVAltstetten2-768x768.jpg 768w\" sizes=\"(max-width: 1024px) 100vw, 1024px\" \/><\/a><\/figure><\/li><li class=\"blocks-gallery-item\"><figure><a href=\"https:\/\/beatrix.sitter-liver.ch\/wp-content\/uploads\/2020\/12\/IMGBEKBiel1.jpg\"><img loading=\"lazy\" decoding=\"async\" width=\"1024\" height=\"1024\" src=\"https:\/\/beatrix.sitter-liver.ch\/wp-content\/uploads\/2020\/12\/IMGBEKBiel1-1024x1024.jpg\" alt=\"Tr\u00e9sor de non-valeurs, 1987\/88, Berner Kantonalbank in Biel\" data-id=\"273\" data-full-url=\"https:\/\/beatrix.sitter-liver.ch\/wp-content\/uploads\/2020\/12\/IMGBEKBiel1.jpg\" data-link=\"https:\/\/beatrix.sitter-liver.ch\/imgbekbiel1\/\" class=\"wp-image-273\" srcset=\"https:\/\/beatrix.sitter-liver.ch\/wp-content\/uploads\/2020\/12\/IMGBEKBiel1.jpg 1024w, https:\/\/beatrix.sitter-liver.ch\/wp-content\/uploads\/2020\/12\/IMGBEKBiel1-300x300.jpg 300w, https:\/\/beatrix.sitter-liver.ch\/wp-content\/uploads\/2020\/12\/IMGBEKBiel1-150x150.jpg 150w, https:\/\/beatrix.sitter-liver.ch\/wp-content\/uploads\/2020\/12\/IMGBEKBiel1-768x768.jpg 768w\" sizes=\"(max-width: 1024px) 100vw, 1024px\" \/><\/a><\/figure><\/li><li class=\"blocks-gallery-item\"><figure><a href=\"https:\/\/beatrix.sitter-liver.ch\/wp-content\/uploads\/2021\/01\/37_Tousvents86.jpg\"><img loading=\"lazy\" decoding=\"async\" width=\"1024\" height=\"1024\" src=\"https:\/\/beatrix.sitter-liver.ch\/wp-content\/uploads\/2021\/01\/37_Tousvents86-1024x1024.jpg\" alt=\"Die andere Geschichte \u2013 in den Wind geschrieben, 1986, Ausstellung \u00abRep\u00e8res \u2013 Merkzeichen\u00bb des Kantons Wallis\" data-id=\"452\" data-full-url=\"https:\/\/beatrix.sitter-liver.ch\/wp-content\/uploads\/2021\/01\/37_Tousvents86.jpg\" data-link=\"https:\/\/beatrix.sitter-liver.ch\/37_tousvents86\/\" class=\"wp-image-452\" srcset=\"https:\/\/beatrix.sitter-liver.ch\/wp-content\/uploads\/2021\/01\/37_Tousvents86.jpg 1024w, https:\/\/beatrix.sitter-liver.ch\/wp-content\/uploads\/2021\/01\/37_Tousvents86-300x300.jpg 300w, https:\/\/beatrix.sitter-liver.ch\/wp-content\/uploads\/2021\/01\/37_Tousvents86-150x150.jpg 150w, https:\/\/beatrix.sitter-liver.ch\/wp-content\/uploads\/2021\/01\/37_Tousvents86-768x768.jpg 768w\" sizes=\"(max-width: 1024px) 100vw, 1024px\" \/><\/a><\/figure><\/li><li class=\"blocks-gallery-item\"><figure><a href=\"https:\/\/beatrix.sitter-liver.ch\/wp-content\/uploads\/2021\/01\/09_Tousvents6-1.jpg\"><img loading=\"lazy\" decoding=\"async\" width=\"1024\" height=\"1024\" src=\"https:\/\/beatrix.sitter-liver.ch\/wp-content\/uploads\/2021\/01\/09_Tousvents6-1-1024x1024.jpg\" alt=\"Die andere Geschichte \u2013 in den Wind geschrieben, 1986, Ausstellung \u00abRep\u00e8res \u2013 Merkzeichen\u00bb des Kantons Wallis\" data-id=\"455\" data-full-url=\"https:\/\/beatrix.sitter-liver.ch\/wp-content\/uploads\/2021\/01\/09_Tousvents6-1.jpg\" data-link=\"https:\/\/beatrix.sitter-liver.ch\/09_tousvents6-2\/\" class=\"wp-image-455\" srcset=\"https:\/\/beatrix.sitter-liver.ch\/wp-content\/uploads\/2021\/01\/09_Tousvents6-1.jpg 1024w, https:\/\/beatrix.sitter-liver.ch\/wp-content\/uploads\/2021\/01\/09_Tousvents6-1-300x300.jpg 300w, https:\/\/beatrix.sitter-liver.ch\/wp-content\/uploads\/2021\/01\/09_Tousvents6-1-150x150.jpg 150w, https:\/\/beatrix.sitter-liver.ch\/wp-content\/uploads\/2021\/01\/09_Tousvents6-1-768x768.jpg 768w\" sizes=\"(max-width: 1024px) 100vw, 1024px\" \/><\/a><\/figure><\/li><li class=\"blocks-gallery-item\"><figure><a href=\"https:\/\/beatrix.sitter-liver.ch\/wp-content\/uploads\/2020\/12\/02_Memento2.jpg\"><img loading=\"lazy\" decoding=\"async\" width=\"1024\" height=\"1024\" src=\"https:\/\/beatrix.sitter-liver.ch\/wp-content\/uploads\/2020\/12\/02_Memento2-1024x1024.jpg\" alt=\"Memento mori, 1982, Ausstellung &quot;Kunst \u2013 Natur&quot; der Galerie in Lenzburg\" data-id=\"271\" data-full-url=\"https:\/\/beatrix.sitter-liver.ch\/wp-content\/uploads\/2020\/12\/02_Memento2.jpg\" data-link=\"https:\/\/beatrix.sitter-liver.ch\/02_memento2\/\" class=\"wp-image-271\" srcset=\"https:\/\/beatrix.sitter-liver.ch\/wp-content\/uploads\/2020\/12\/02_Memento2.jpg 1024w, https:\/\/beatrix.sitter-liver.ch\/wp-content\/uploads\/2020\/12\/02_Memento2-300x300.jpg 300w, https:\/\/beatrix.sitter-liver.ch\/wp-content\/uploads\/2020\/12\/02_Memento2-150x150.jpg 150w, https:\/\/beatrix.sitter-liver.ch\/wp-content\/uploads\/2020\/12\/02_Memento2-768x768.jpg 768w\" sizes=\"(max-width: 1024px) 100vw, 1024px\" \/><\/a><\/figure><\/li><li class=\"blocks-gallery-item\"><figure><a href=\"https:\/\/beatrix.sitter-liver.ch\/wp-content\/uploads\/2021\/01\/25_FarbnebelRiad_altered.jpg\"><img loading=\"lazy\" decoding=\"async\" width=\"871\" height=\"1024\" src=\"https:\/\/beatrix.sitter-liver.ch\/wp-content\/uploads\/2021\/01\/25_FarbnebelRiad_altered.jpg\" alt=\"Farbnebel, 1983-85, Schweizer Botschaft in Riad, Saudi-Arabien\" data-id=\"447\" data-full-url=\"https:\/\/beatrix.sitter-liver.ch\/wp-content\/uploads\/2021\/01\/25_FarbnebelRiad_altered.jpg\" data-link=\"https:\/\/beatrix.sitter-liver.ch\/25_farbnebelriad_altered\/\" class=\"wp-image-447\" srcset=\"https:\/\/beatrix.sitter-liver.ch\/wp-content\/uploads\/2021\/01\/25_FarbnebelRiad_altered.jpg 871w, https:\/\/beatrix.sitter-liver.ch\/wp-content\/uploads\/2021\/01\/25_FarbnebelRiad_altered-255x300.jpg 255w, https:\/\/beatrix.sitter-liver.ch\/wp-content\/uploads\/2021\/01\/25_FarbnebelRiad_altered-768x903.jpg 768w\" sizes=\"(max-width: 871px) 100vw, 871px\" \/><\/a><\/figure><\/li><li class=\"blocks-gallery-item\"><figure><a href=\"https:\/\/beatrix.sitter-liver.ch\/wp-content\/uploads\/2021\/01\/Libermutustelluris.jpg\"><img loading=\"lazy\" decoding=\"async\" width=\"871\" height=\"1024\" src=\"https:\/\/beatrix.sitter-liver.ch\/wp-content\/uploads\/2021\/01\/Libermutustelluris.jpg\" alt=\"Das Buch der Erde, 1982\/83, Gartenbauschule Oeschberg\" data-id=\"449\" data-full-url=\"https:\/\/beatrix.sitter-liver.ch\/wp-content\/uploads\/2021\/01\/Libermutustelluris.jpg\" data-link=\"https:\/\/beatrix.sitter-liver.ch\/libermutustelluris\/\" class=\"wp-image-449\" srcset=\"https:\/\/beatrix.sitter-liver.ch\/wp-content\/uploads\/2021\/01\/Libermutustelluris.jpg 871w, https:\/\/beatrix.sitter-liver.ch\/wp-content\/uploads\/2021\/01\/Libermutustelluris-255x300.jpg 255w, https:\/\/beatrix.sitter-liver.ch\/wp-content\/uploads\/2021\/01\/Libermutustelluris-768x903.jpg 768w\" sizes=\"(max-width: 871px) 100vw, 871px\" \/><\/a><\/figure><\/li><li class=\"blocks-gallery-item\"><figure><a href=\"https:\/\/beatrix.sitter-liver.ch\/wp-content\/uploads\/2021\/01\/Mandala_4c_cut.jpg\"><img loading=\"lazy\" decoding=\"async\" width=\"871\" height=\"1024\" src=\"https:\/\/beatrix.sitter-liver.ch\/wp-content\/uploads\/2021\/01\/Mandala_4c_cut.jpg\" alt=\"Mandala f\u00fcr einen G\u00e4rtner, 1982\/83, Gartenbauschule Oeschberg\" data-id=\"450\" data-full-url=\"https:\/\/beatrix.sitter-liver.ch\/wp-content\/uploads\/2021\/01\/Mandala_4c_cut.jpg\" data-link=\"https:\/\/beatrix.sitter-liver.ch\/mandala_4c_cut\/\" class=\"wp-image-450\" srcset=\"https:\/\/beatrix.sitter-liver.ch\/wp-content\/uploads\/2021\/01\/Mandala_4c_cut.jpg 871w, https:\/\/beatrix.sitter-liver.ch\/wp-content\/uploads\/2021\/01\/Mandala_4c_cut-255x300.jpg 255w, https:\/\/beatrix.sitter-liver.ch\/wp-content\/uploads\/2021\/01\/Mandala_4c_cut-768x903.jpg 768w\" sizes=\"(max-width: 871px) 100vw, 871px\" \/><\/a><\/figure><\/li><li class=\"blocks-gallery-item\"><figure><a href=\"https:\/\/beatrix.sitter-liver.ch\/wp-content\/uploads\/2021\/01\/30-2_Windspiel_cut.jpg\"><img loading=\"lazy\" decoding=\"async\" width=\"871\" height=\"1025\" src=\"https:\/\/beatrix.sitter-liver.ch\/wp-content\/uploads\/2021\/01\/30-2_Windspiel_cut.jpg\" alt=\"Windspiel, 1988-1992, Schweizerischer Bankverein Seepark Thun\" data-id=\"448\" data-full-url=\"https:\/\/beatrix.sitter-liver.ch\/wp-content\/uploads\/2021\/01\/30-2_Windspiel_cut.jpg\" data-link=\"https:\/\/beatrix.sitter-liver.ch\/30-2_windspiel_cut\/\" class=\"wp-image-448\" srcset=\"https:\/\/beatrix.sitter-liver.ch\/wp-content\/uploads\/2021\/01\/30-2_Windspiel_cut.jpg 871w, https:\/\/beatrix.sitter-liver.ch\/wp-content\/uploads\/2021\/01\/30-2_Windspiel_cut-255x300.jpg 255w, https:\/\/beatrix.sitter-liver.ch\/wp-content\/uploads\/2021\/01\/30-2_Windspiel_cut-768x904.jpg 768w\" sizes=\"(max-width: 871px) 100vw, 871px\" \/><\/a><\/figure><\/li><\/ul><\/figure>\n","protected":false},"excerpt":{"rendered":"","protected":false},"author":1,"featured_media":0,"parent":95,"menu_order":0,"comment_status":"closed","ping_status":"closed","template":"","meta":{"footnotes":""},"_links":{"self":[{"href":"https:\/\/beatrix.sitter-liver.ch\/index.php\/wp-json\/wp\/v2\/pages\/23"}],"collection":[{"href":"https:\/\/beatrix.sitter-liver.ch\/index.php\/wp-json\/wp\/v2\/pages"}],"about":[{"href":"https:\/\/beatrix.sitter-liver.ch\/index.php\/wp-json\/wp\/v2\/types\/page"}],"author":[{"embeddable":true,"href":"https:\/\/beatrix.sitter-liver.ch\/index.php\/wp-json\/wp\/v2\/users\/1"}],"replies":[{"embeddable":true,"href":"https:\/\/beatrix.sitter-liver.ch\/index.php\/wp-json\/wp\/v2\/comments?post=23"}],"version-history":[{"count":33,"href":"https:\/\/beatrix.sitter-liver.ch\/index.php\/wp-json\/wp\/v2\/pages\/23\/revisions"}],"predecessor-version":[{"id":839,"href":"https:\/\/beatrix.sitter-liver.ch\/index.php\/wp-json\/wp\/v2\/pages\/23\/revisions\/839"}],"up":[{"embeddable":true,"href":"https:\/\/beatrix.sitter-liver.ch\/index.php\/wp-json\/wp\/v2\/pages\/95"}],"wp:attachment":[{"href":"https:\/\/beatrix.sitter-liver.ch\/index.php\/wp-json\/wp\/v2\/media?parent=23"}],"curies":[{"name":"wp","href":"https:\/\/api.w.org\/{rel}","templated":true}]}}