{"id":99,"date":"2020-12-09T07:45:01","date_gmt":"2020-12-09T07:45:01","guid":{"rendered":"https:\/\/beatrix.sitter-liver.ch\/?page_id=99"},"modified":"2021-07-13T13:41:36","modified_gmt":"2021-07-13T13:41:36","slug":"zeichnung","status":"publish","type":"page","link":"https:\/\/beatrix.sitter-liver.ch\/index.php\/bilder\/zeichnung\/","title":{"rendered":"Zeichnung"},"content":{"rendered":"\n<figure class=\"wp-block-gallery columns-4\"><ul class=\"blocks-gallery-grid\"><li class=\"blocks-gallery-item\"><figure><a href=\"https:\/\/beatrix.sitter-liver.ch\/wp-content\/uploads\/2021\/01\/DSCN1955.jpg\"><img loading=\"lazy\" decoding=\"async\" width=\"1024\" height=\"760\" src=\"https:\/\/beatrix.sitter-liver.ch\/wp-content\/uploads\/2021\/01\/DSCN1955-1024x760.jpg\" alt=\"Ohne Titel, Serie Fliessbl\u00e4tter, 2001, Tusche, 60 x 80 cm\" data-id=\"471\" data-full-url=\"https:\/\/beatrix.sitter-liver.ch\/wp-content\/uploads\/2021\/01\/DSCN1955.jpg\" data-link=\"https:\/\/beatrix.sitter-liver.ch\/dscn1955\/\" class=\"wp-image-471\" srcset=\"https:\/\/beatrix.sitter-liver.ch\/wp-content\/uploads\/2021\/01\/DSCN1955-1024x760.jpg 1024w, https:\/\/beatrix.sitter-liver.ch\/wp-content\/uploads\/2021\/01\/DSCN1955-300x223.jpg 300w, https:\/\/beatrix.sitter-liver.ch\/wp-content\/uploads\/2021\/01\/DSCN1955-768x570.jpg 768w, https:\/\/beatrix.sitter-liver.ch\/wp-content\/uploads\/2021\/01\/DSCN1955.jpg 1280w\" sizes=\"(max-width: 1024px) 100vw, 1024px\" \/><\/a><\/figure><\/li>\n\n<li class=\"blocks-gallery-item\"><figure><a href=\"https:\/\/beatrix.sitter-liver.ch\/wp-content\/uploads\/2021\/01\/Fliessb-2011-Tusche-33x45cm_altered.jpg\"><img loading=\"lazy\" decoding=\"async\" width=\"1024\" height=\"760\" src=\"https:\/\/beatrix.sitter-liver.ch\/wp-content\/uploads\/2021\/01\/Fliessb-2011-Tusche-33x45cm_altered-1024x760.jpg\" alt=\"Ohne Titel, Serie Fliessbl\u00e4tter, 2011, Tusche, 33 x 45 cm\" data-id=\"472\" data-full-url=\"https:\/\/beatrix.sitter-liver.ch\/wp-content\/uploads\/2021\/01\/Fliessb-2011-Tusche-33x45cm_altered.jpg\" data-link=\"https:\/\/beatrix.sitter-liver.ch\/fliessb-2011-tusche-33x45cm_altered\/\" class=\"wp-image-472\" srcset=\"https:\/\/beatrix.sitter-liver.ch\/wp-content\/uploads\/2021\/01\/Fliessb-2011-Tusche-33x45cm_altered-1024x760.jpg 1024w, https:\/\/beatrix.sitter-liver.ch\/wp-content\/uploads\/2021\/01\/Fliessb-2011-Tusche-33x45cm_altered-300x223.jpg 300w, https:\/\/beatrix.sitter-liver.ch\/wp-content\/uploads\/2021\/01\/Fliessb-2011-Tusche-33x45cm_altered-768x570.jpg 768w, https:\/\/beatrix.sitter-liver.ch\/wp-content\/uploads\/2021\/01\/Fliessb-2011-Tusche-33x45cm_altered.jpg 1280w\" sizes=\"(max-width: 1024px) 100vw, 1024px\" \/><\/a><\/figure><\/li>\n\n<li class=\"blocks-gallery-item\"><figure><a href=\"https:\/\/beatrix.sitter-liver.ch\/wp-content\/uploads\/2021\/02\/Beatrix-Sitter-Liver__Fliessblatter-2001-Aquarell-60x80_949.jpg\"><img loading=\"lazy\" decoding=\"async\" width=\"1024\" height=\"759\" src=\"https:\/\/beatrix.sitter-liver.ch\/wp-content\/uploads\/2021\/02\/Beatrix-Sitter-Liver__Fliessblatter-2001-Aquarell-60x80_949-1024x759.jpg\" alt=\"Ohne Titel, Serie Fliessbl\u00e4tter, 2001, Aquarell, 60 x 80 cm\" data-id=\"536\" data-full-url=\"https:\/\/beatrix.sitter-liver.ch\/wp-content\/uploads\/2021\/02\/Beatrix-Sitter-Liver__Fliessblatter-2001-Aquarell-60x80_949.jpg\" data-link=\"https:\/\/beatrix.sitter-liver.ch\/beatrix-sitter-liver__fliessblatter-2001-aquarell-60x80_949\/\" class=\"wp-image-536\" srcset=\"https:\/\/beatrix.sitter-liver.ch\/wp-content\/uploads\/2021\/02\/Beatrix-Sitter-Liver__Fliessblatter-2001-Aquarell-60x80_949-1024x759.jpg 1024w, https:\/\/beatrix.sitter-liver.ch\/wp-content\/uploads\/2021\/02\/Beatrix-Sitter-Liver__Fliessblatter-2001-Aquarell-60x80_949-300x222.jpg 300w, https:\/\/beatrix.sitter-liver.ch\/wp-content\/uploads\/2021\/02\/Beatrix-Sitter-Liver__Fliessblatter-2001-Aquarell-60x80_949-768x569.jpg 768w, https:\/\/beatrix.sitter-liver.ch\/wp-content\/uploads\/2021\/02\/Beatrix-Sitter-Liver__Fliessblatter-2001-Aquarell-60x80_949.jpg 1280w\" sizes=\"(max-width: 1024px) 100vw, 1024px\" \/><\/a><\/figure><\/li>\n\n<li class=\"blocks-gallery-item\"><figure><a href=\"https:\/\/beatrix.sitter-liver.ch\/wp-content\/uploads\/2021\/01\/neuerScan_20210118_altered.jpg\"><img loading=\"lazy\" decoding=\"async\" width=\"1024\" height=\"760\" src=\"https:\/\/beatrix.sitter-liver.ch\/wp-content\/uploads\/2021\/01\/neuerScan_20210118_altered-1024x760.jpg\" alt=\"Ohne Titel, Serie Fliessbl\u00e4tter, 2002, Aquarell, 21 x 29.7 cm\" data-id=\"474\" data-full-url=\"https:\/\/beatrix.sitter-liver.ch\/wp-content\/uploads\/2021\/01\/neuerScan_20210118_altered.jpg\" data-link=\"https:\/\/beatrix.sitter-liver.ch\/neuerscan_20210118_altered\/\" class=\"wp-image-474\" srcset=\"https:\/\/beatrix.sitter-liver.ch\/wp-content\/uploads\/2021\/01\/neuerScan_20210118_altered-1024x760.jpg 1024w, https:\/\/beatrix.sitter-liver.ch\/wp-content\/uploads\/2021\/01\/neuerScan_20210118_altered-300x223.jpg 300w, https:\/\/beatrix.sitter-liver.ch\/wp-content\/uploads\/2021\/01\/neuerScan_20210118_altered-768x570.jpg 768w, https:\/\/beatrix.sitter-liver.ch\/wp-content\/uploads\/2021\/01\/neuerScan_20210118_altered.jpg 1280w\" sizes=\"(max-width: 1024px) 100vw, 1024px\" \/><\/a><\/figure><\/li>\n\n<!-- Zeile 2 -->\n\n<li class=\"blocks-gallery-item\"><figure><a href=\"https:\/\/beatrix.sitter-liver.ch\/wp-content\/uploads\/2021\/01\/1024x825_Urtica-2003.jpg\"><img loading=\"lazy\" decoding=\"async\" width=\"825\" height=\"1024\" src=\"https:\/\/beatrix.sitter-liver.ch\/wp-content\/uploads\/2021\/01\/1024x825_Urtica-2003.jpg\" alt=\"Serie Idiome, urtica, 2003, Tusche, 150 x 120 cm\" data-id=\"482\" data-full-url=\"https:\/\/beatrix.sitter-liver.ch\/wp-content\/uploads\/2021\/01\/1024x825_Urtica-2003.jpg\" data-link=\"https:\/\/beatrix.sitter-liver.ch\/1024x825_urtica-2003-2\/\" class=\"wp-image-482\" srcset=\"https:\/\/beatrix.sitter-liver.ch\/wp-content\/uploads\/2021\/01\/1024x825_Urtica-2003.jpg 825w, https:\/\/beatrix.sitter-liver.ch\/wp-content\/uploads\/2021\/01\/1024x825_Urtica-2003-242x300.jpg 242w, https:\/\/beatrix.sitter-liver.ch\/wp-content\/uploads\/2021\/01\/1024x825_Urtica-2003-768x953.jpg 768w\" sizes=\"(max-width: 825px) 100vw, 825px\" \/><\/a><\/figure><\/li>\n\n<li class=\"blocks-gallery-item\"><figure><a href=\"https:\/\/beatrix.sitter-liver.ch\/wp-content\/uploads\/2021\/01\/1024x825_secale-cereale-1998.jpg\"><img loading=\"lazy\" decoding=\"async\" width=\"825\" height=\"1024\" src=\"https:\/\/beatrix.sitter-liver.ch\/wp-content\/uploads\/2021\/01\/1024x825_secale-cereale-1998.jpg\" alt=\"Serie Idiome, secale cereale, 1998, Tusche, 150 x 120 cm\" data-id=\"481\" data-full-url=\"https:\/\/beatrix.sitter-liver.ch\/wp-content\/uploads\/2021\/01\/1024x825_secale-cereale-1998.jpg\" data-link=\"https:\/\/beatrix.sitter-liver.ch\/1024x825_secale-cereale-1998-2\/\" class=\"wp-image-481\" srcset=\"https:\/\/beatrix.sitter-liver.ch\/wp-content\/uploads\/2021\/01\/1024x825_secale-cereale-1998.jpg 825w, https:\/\/beatrix.sitter-liver.ch\/wp-content\/uploads\/2021\/01\/1024x825_secale-cereale-1998-242x300.jpg 242w, https:\/\/beatrix.sitter-liver.ch\/wp-content\/uploads\/2021\/01\/1024x825_secale-cereale-1998-768x953.jpg 768w\" sizes=\"(max-width: 825px) 100vw, 825px\" \/><\/a><\/figure><\/li>\n\n<li class=\"blocks-gallery-item\"><figure><a href=\"https:\/\/beatrix.sitter-liver.ch\/wp-content\/uploads\/2021\/01\/1024x825_Pinus-wallichiana-1996.jpg\"><img loading=\"lazy\" decoding=\"async\" width=\"825\" height=\"1024\" src=\"https:\/\/beatrix.sitter-liver.ch\/wp-content\/uploads\/2021\/01\/1024x825_Pinus-wallichiana-1996.jpg\" alt=\"Serie Idiome, pinus wallichiana, 1996, Tusche, 100 x 80 cm \" data-id=\"480\" data-full-url=\"https:\/\/beatrix.sitter-liver.ch\/wp-content\/uploads\/2021\/01\/1024x825_Pinus-wallichiana-1996.jpg\" data-link=\"https:\/\/beatrix.sitter-liver.ch\/1024x825_pinus-wallichiana-1996-2\/\" class=\"wp-image-480\" srcset=\"https:\/\/beatrix.sitter-liver.ch\/wp-content\/uploads\/2021\/01\/1024x825_Pinus-wallichiana-1996.jpg 825w, https:\/\/beatrix.sitter-liver.ch\/wp-content\/uploads\/2021\/01\/1024x825_Pinus-wallichiana-1996-242x300.jpg 242w, https:\/\/beatrix.sitter-liver.ch\/wp-content\/uploads\/2021\/01\/1024x825_Pinus-wallichiana-1996-768x953.jpg 768w\" sizes=\"(max-width: 825px) 100vw, 825px\" \/><\/a><\/figure><\/li>\n\n<li class=\"blocks-gallery-item\"><figure><a href=\"https:\/\/beatrix.sitter-liver.ch\/wp-content\/uploads\/2021\/07\/Beatrix-Sitter-Liver_Menetekel_1987_schmal.jpg\"><img decoding=\"async\" src=\"https:\/\/beatrix.sitter-liver.ch\/wp-content\/uploads\/2021\/07\/Beatrix-Sitter-Liver_Menetekel_1987_transplinks.png\" alt=\"Menetekel, 1987, Erde, Kohle, R\u00f6tel auf Tonpapier, 200 x 150 cm\" data-id=\"682\" data-full-url=\"https:\/\/beatrix.sitter-liver.ch\/wp-content\/uploads\/2021\/07\/Beatrix-Sitter-Liver_Menetekel_1987_schmal.jpg\" data-link=\"https:\/\/beatrix.sitter-liver.ch\/index.php\/bilder\/zeichnung\/beatrix-sitter-liver_menetekel_1987_schmal\/\" class=\"wp-image-682\"><\/a><\/figure><\/li>\n\n<!-- Zeile 3 -->\n\n<li class=\"blocks-gallery-item\"><figure><a href=\"https:\/\/beatrix.sitter-liver.ch\/wp-content\/uploads\/2021\/01\/Beatrix-Sitter-Liver_Fluss_1997.jpg\"><img loading=\"lazy\" decoding=\"async\" width=\"1024\" height=\"720\" src=\"https:\/\/beatrix.sitter-liver.ch\/wp-content\/uploads\/2021\/01\/Beatrix-Sitter-Liver_Fluss_1997-1024x720.jpg\" alt=\"Fluss, 1997, Tusche, 70 x 100 cm\" data-id=\"489\" data-full-url=\"https:\/\/beatrix.sitter-liver.ch\/wp-content\/uploads\/2021\/01\/Beatrix-Sitter-Liver_Fluss_1997.jpg\" data-link=\"https:\/\/beatrix.sitter-liver.ch\/beatrix-sitter-liver_fluss_1997\/\" class=\"wp-image-489\" srcset=\"https:\/\/beatrix.sitter-liver.ch\/wp-content\/uploads\/2021\/01\/Beatrix-Sitter-Liver_Fluss_1997-1024x720.jpg 1024w, https:\/\/beatrix.sitter-liver.ch\/wp-content\/uploads\/2021\/01\/Beatrix-Sitter-Liver_Fluss_1997-300x211.jpg 300w, https:\/\/beatrix.sitter-liver.ch\/wp-content\/uploads\/2021\/01\/Beatrix-Sitter-Liver_Fluss_1997-768x540.jpg 768w, https:\/\/beatrix.sitter-liver.ch\/wp-content\/uploads\/2021\/01\/Beatrix-Sitter-Liver_Fluss_1997.jpg 1280w\" sizes=\"(max-width: 1024px) 100vw, 1024px\" \/><\/a><\/figure><\/li>\n\n<li class=\"blocks-gallery-item\"><figure><a href=\"https:\/\/beatrix.sitter-liver.ch\/wp-content\/uploads\/2021\/06\/Beatrix-Sitter-Liver_Fluss2_1997.jpg\"><img loading=\"lazy\" decoding=\"async\" width=\"1024\" height=\"720\" src=\"https:\/\/beatrix.sitter-liver.ch\/wp-content\/uploads\/2021\/06\/Beatrix-Sitter-Liver_Fluss2_1997-1024x720.jpg\" alt=\"Fluss, 1997, Tusche, 70 x 100 cm\" data-id=\"569\" data-full-url=\"https:\/\/beatrix.sitter-liver.ch\/wp-content\/uploads\/2021\/06\/Beatrix-Sitter-Liver_Fluss2_1997.jpg\" data-link=\"https:\/\/beatrix.sitter-liver.ch\/beatrix-sitter-liver_fluss2_1997\/\" class=\"wp-image-569\" srcset=\"https:\/\/beatrix.sitter-liver.ch\/wp-content\/uploads\/2021\/06\/Beatrix-Sitter-Liver_Fluss2_1997-1024x720.jpg 1024w, https:\/\/beatrix.sitter-liver.ch\/wp-content\/uploads\/2021\/06\/Beatrix-Sitter-Liver_Fluss2_1997-300x211.jpg 300w, https:\/\/beatrix.sitter-liver.ch\/wp-content\/uploads\/2021\/06\/Beatrix-Sitter-Liver_Fluss2_1997-768x540.jpg 768w, https:\/\/beatrix.sitter-liver.ch\/wp-content\/uploads\/2021\/06\/Beatrix-Sitter-Liver_Fluss2_1997.jpg 1280w\" sizes=\"(max-width: 1024px) 100vw, 1024px\" \/><\/a><\/figure><\/li>\n\n<li class=\"blocks-gallery-item\"><figure><a href=\"https:\/\/beatrix.sitter-liver.ch\/wp-content\/uploads\/2021\/06\/Beatrix-Sitter-Liver_duae-manus_1996.jpg\"><img loading=\"lazy\" decoding=\"async\" width=\"1024\" height=\"720\" src=\"https:\/\/beatrix.sitter-liver.ch\/wp-content\/uploads\/2021\/06\/Beatrix-Sitter-Liver_duae-manus_1996-1024x720.jpg\" alt=\"Duae manus, 1996, Fingerfarben, 29.7 x 42 cm\" data-id=\"568\" data-full-url=\"https:\/\/beatrix.sitter-liver.ch\/wp-content\/uploads\/2021\/06\/Beatrix-Sitter-Liver_duae-manus_1996.jpg\" data-link=\"https:\/\/beatrix.sitter-liver.ch\/beatrix-sitter-liver_duae-manus_1996\/\" class=\"wp-image-568\" srcset=\"https:\/\/beatrix.sitter-liver.ch\/wp-content\/uploads\/2021\/06\/Beatrix-Sitter-Liver_duae-manus_1996-1024x720.jpg 1024w, https:\/\/beatrix.sitter-liver.ch\/wp-content\/uploads\/2021\/06\/Beatrix-Sitter-Liver_duae-manus_1996-300x211.jpg 300w, https:\/\/beatrix.sitter-liver.ch\/wp-content\/uploads\/2021\/06\/Beatrix-Sitter-Liver_duae-manus_1996-768x540.jpg 768w, https:\/\/beatrix.sitter-liver.ch\/wp-content\/uploads\/2021\/06\/Beatrix-Sitter-Liver_duae-manus_1996.jpg 1280w\" sizes=\"(max-width: 1024px) 100vw, 1024px\" \/><\/a><\/figure><\/li>\n\n<li class=\"blocks-gallery-item\"><figure><a href=\"https:\/\/beatrix.sitter-liver.ch\/wp-content\/uploads\/2021\/06\/Beatrix-Sitter-Liver_Seismo-CMA-CGM-Titus_2011.jpg\"><img loading=\"lazy\" decoding=\"async\" width=\"1024\" height=\"720\" src=\"https:\/\/beatrix.sitter-liver.ch\/wp-content\/uploads\/2021\/06\/Beatrix-Sitter-Liver_Seismo-CMA-CGM-Titus_2011-1024x720.jpg\" alt=\"Seismo CMA CGM Titus, 2011, Tintenstift auf Seekarte, 52 x 42 cm\" data-id=\"570\" data-full-url=\"https:\/\/beatrix.sitter-liver.ch\/wp-content\/uploads\/2021\/06\/Beatrix-Sitter-Liver_Seismo-CMA-CGM-Titus_2011.jpg\" data-link=\"https:\/\/beatrix.sitter-liver.ch\/beatrix-sitter-liver_seismo-cma-cgm-titus_2011\/\" class=\"wp-image-570\" srcset=\"https:\/\/beatrix.sitter-liver.ch\/wp-content\/uploads\/2021\/06\/Beatrix-Sitter-Liver_Seismo-CMA-CGM-Titus_2011-1024x720.jpg 1024w, https:\/\/beatrix.sitter-liver.ch\/wp-content\/uploads\/2021\/06\/Beatrix-Sitter-Liver_Seismo-CMA-CGM-Titus_2011-300x211.jpg 300w, https:\/\/beatrix.sitter-liver.ch\/wp-content\/uploads\/2021\/06\/Beatrix-Sitter-Liver_Seismo-CMA-CGM-Titus_2011-768x540.jpg 768w, https:\/\/beatrix.sitter-liver.ch\/wp-content\/uploads\/2021\/06\/Beatrix-Sitter-Liver_Seismo-CMA-CGM-Titus_2011.jpg 1280w\" sizes=\"(max-width: 1024px) 100vw, 1024px\" \/><\/a><\/figure><\/li>\n\n<!-- Zeile 4 -->\n\n<li class=\"blocks-gallery-item\"><figure><a href=\"https:\/\/beatrix.sitter-liver.ch\/wp-content\/uploads\/2021\/02\/Beatrix-Sitter-Liver_zoom-quantiteC_1990.jpg\"><img loading=\"lazy\" decoding=\"async\" width=\"590\" height=\"1024\" src=\"https:\/\/beatrix.sitter-liver.ch\/wp-content\/uploads\/2021\/02\/Beatrix-Sitter-Liver_zoom-quantiteC_1990.jpg\" alt=\"Serie Zoom: Quantit\u00e9 C, Paris 1990, Tusche auf Papier, 150 x 86 cm\" data-id=\"516\" data-full-url=\"https:\/\/beatrix.sitter-liver.ch\/wp-content\/uploads\/2021\/02\/Beatrix-Sitter-Liver_zoom-quantiteC_1990.jpg\" data-link=\"https:\/\/beatrix.sitter-liver.ch\/beatrix-sitter-liver_zoom-quantitec_1990\/\" class=\"wp-image-516\" srcset=\"https:\/\/beatrix.sitter-liver.ch\/wp-content\/uploads\/2021\/02\/Beatrix-Sitter-Liver_zoom-quantiteC_1990.jpg 590w, https:\/\/beatrix.sitter-liver.ch\/wp-content\/uploads\/2021\/02\/Beatrix-Sitter-Liver_zoom-quantiteC_1990-173x300.jpg 173w\" sizes=\"(max-width: 590px) 100vw, 590px\" \/><\/a><\/figure><\/li>\n\n<li class=\"blocks-gallery-item\"><figure><a href=\"https:\/\/beatrix.sitter-liver.ch\/wp-content\/uploads\/2021\/02\/Beatrix-Sitter-Liver_zoom-eaux-et-terres_1990.jpg\"><img loading=\"lazy\" decoding=\"async\" width=\"590\" height=\"1024\" src=\"https:\/\/beatrix.sitter-liver.ch\/wp-content\/uploads\/2021\/02\/Beatrix-Sitter-Liver_zoom-eaux-et-terres_1990.jpg\" alt=\"Serie Zoom: Eaux et terres, Paris 1990, \u00d6l auf Papier, 150 x 86 cm\" data-id=\"515\" data-full-url=\"https:\/\/beatrix.sitter-liver.ch\/wp-content\/uploads\/2021\/02\/Beatrix-Sitter-Liver_zoom-eaux-et-terres_1990.jpg\" data-link=\"https:\/\/beatrix.sitter-liver.ch\/beatrix-sitter-liver_zoom-eaux-et-terres_1990\/\" class=\"wp-image-515\" srcset=\"https:\/\/beatrix.sitter-liver.ch\/wp-content\/uploads\/2021\/02\/Beatrix-Sitter-Liver_zoom-eaux-et-terres_1990.jpg 590w, https:\/\/beatrix.sitter-liver.ch\/wp-content\/uploads\/2021\/02\/Beatrix-Sitter-Liver_zoom-eaux-et-terres_1990-173x300.jpg 173w\" sizes=\"(max-width: 590px) 100vw, 590px\" \/><\/a><\/figure><\/li>\n\n<li class=\"blocks-gallery-item\"><figure><a href=\"https:\/\/beatrix.sitter-liver.ch\/wp-content\/uploads\/2021\/02\/Beatrix-Sitter-Liver_zoom-vegetation_1990.jpg\"><img loading=\"lazy\" decoding=\"async\" width=\"590\" height=\"1024\" src=\"https:\/\/beatrix.sitter-liver.ch\/wp-content\/uploads\/2021\/02\/Beatrix-Sitter-Liver_zoom-vegetation_1990.jpg\" alt=\"Serie Zoom: V\u00e9g\u00e9tation, Paris 1990, \u00d6l auf Papier, 150 x 86 cm\" data-id=\"517\" data-full-url=\"https:\/\/beatrix.sitter-liver.ch\/wp-content\/uploads\/2021\/02\/Beatrix-Sitter-Liver_zoom-vegetation_1990.jpg\" data-link=\"https:\/\/beatrix.sitter-liver.ch\/beatrix-sitter-liver_zoom-vegetation_1990\/\" class=\"wp-image-517\" srcset=\"https:\/\/beatrix.sitter-liver.ch\/wp-content\/uploads\/2021\/02\/Beatrix-Sitter-Liver_zoom-vegetation_1990.jpg 590w, https:\/\/beatrix.sitter-liver.ch\/wp-content\/uploads\/2021\/02\/Beatrix-Sitter-Liver_zoom-vegetation_1990-173x300.jpg 173w\" sizes=\"(max-width: 590px) 100vw, 590px\" \/><\/a><\/figure><\/li>\n\n<li class=\"blocks-gallery-item\"><figure><a href=\"https:\/\/beatrix.sitter-liver.ch\/wp-content\/uploads\/2021\/02\/Beatrix-Sitter-Liver_zoom-astres_1990.jpg\"><img loading=\"lazy\" decoding=\"async\" width=\"590\" height=\"1024\" src=\"https:\/\/beatrix.sitter-liver.ch\/wp-content\/uploads\/2021\/02\/Beatrix-Sitter-Liver_zoom-astres_1990.jpg\" alt=\"Serie Zoom: Astres, Paris 1990, \u00d6l auf Papier, 150 x 86 cm\" data-id=\"518\" data-full-url=\"https:\/\/beatrix.sitter-liver.ch\/wp-content\/uploads\/2021\/02\/Beatrix-Sitter-Liver_zoom-astres_1990.jpg\" data-link=\"https:\/\/beatrix.sitter-liver.ch\/beatrix-sitter-liver_zoom-astres_1990\/\" class=\"wp-image-518\" srcset=\"https:\/\/beatrix.sitter-liver.ch\/wp-content\/uploads\/2021\/02\/Beatrix-Sitter-Liver_zoom-astres_1990.jpg 590w, https:\/\/beatrix.sitter-liver.ch\/wp-content\/uploads\/2021\/02\/Beatrix-Sitter-Liver_zoom-astres_1990-173x300.jpg 173w\" sizes=\"(max-width: 590px) 100vw, 590px\" \/><\/a><\/figure><\/li>\n\n<!-- Zeile 5 -->\n\n<li class=\"blocks-gallery-item\"><figure><a href=\"https:\/\/beatrix.sitter-liver.ch\/wp-content\/uploads\/2021\/01\/1024x720_spiral3.jpg\"><img loading=\"lazy\" decoding=\"async\" width=\"720\" height=\"1024\" src=\"https:\/\/beatrix.sitter-liver.ch\/wp-content\/uploads\/2021\/01\/1024x720_spiral3.jpg\" alt=\"Choreografie f\u00fcr f\u00fcnf Sterne, 2009, Farbstift, 59.4 x 42 cm\" data-id=\"495\" data-full-url=\"https:\/\/beatrix.sitter-liver.ch\/wp-content\/uploads\/2021\/01\/1024x720_spiral3.jpg\" data-link=\"https:\/\/beatrix.sitter-liver.ch\/1024x720_spiral3-2\/\" class=\"wp-image-495\" srcset=\"https:\/\/beatrix.sitter-liver.ch\/wp-content\/uploads\/2021\/01\/1024x720_spiral3.jpg 720w, https:\/\/beatrix.sitter-liver.ch\/wp-content\/uploads\/2021\/01\/1024x720_spiral3-211x300.jpg 211w\" sizes=\"(max-width: 720px) 100vw, 720px\" \/><\/a><\/figure><\/li>\n\n<li class=\"blocks-gallery-item\"><figure><a href=\"https:\/\/beatrix.sitter-liver.ch\/wp-content\/uploads\/2021\/06\/Beatrix_Sitter-Liver_Interferenz-4Fontane_2009.jpg\"><img loading=\"lazy\" decoding=\"async\" width=\"720\" height=\"1024\" src=\"https:\/\/beatrix.sitter-liver.ch\/wp-content\/uploads\/2021\/06\/Beatrix_Sitter-Liver_Interferenz-4Fontane_2009.jpg\" alt=\"Interferenz\/quatro fontane, 2009, Farbstift, 59.4 x 42 cm\" data-id=\"572\" data-full-url=\"https:\/\/beatrix.sitter-liver.ch\/wp-content\/uploads\/2021\/06\/Beatrix_Sitter-Liver_Interferenz-4Fontane_2009.jpg\" data-link=\"https:\/\/beatrix.sitter-liver.ch\/beatrix_sitter-liver_interferenz-4fontane_2009\/\" class=\"wp-image-572\" srcset=\"https:\/\/beatrix.sitter-liver.ch\/wp-content\/uploads\/2021\/06\/Beatrix_Sitter-Liver_Interferenz-4Fontane_2009.jpg 720w, https:\/\/beatrix.sitter-liver.ch\/wp-content\/uploads\/2021\/06\/Beatrix_Sitter-Liver_Interferenz-4Fontane_2009-211x300.jpg 211w\" sizes=\"(max-width: 720px) 100vw, 720px\" \/><\/a><\/figure><\/li>\n\n<li class=\"blocks-gallery-item\"><figure><a href=\"https:\/\/beatrix.sitter-liver.ch\/wp-content\/uploads\/2021\/06\/Beatrix_Sitter-Liver_Interferenz_2009.jpg\"><img loading=\"lazy\" decoding=\"async\" width=\"720\" height=\"1024\" src=\"https:\/\/beatrix.sitter-liver.ch\/wp-content\/uploads\/2021\/06\/Beatrix_Sitter-Liver_Interferenz_2009.jpg\" alt=\"Interferenz, 2009, Farbstift, 58.4 x 42 cm\" data-id=\"571\" data-full-url=\"https:\/\/beatrix.sitter-liver.ch\/wp-content\/uploads\/2021\/06\/Beatrix_Sitter-Liver_Interferenz_2009.jpg\" data-link=\"https:\/\/beatrix.sitter-liver.ch\/beatrix_sitter-liver_interferenz_2009\/\" class=\"wp-image-571\" srcset=\"https:\/\/beatrix.sitter-liver.ch\/wp-content\/uploads\/2021\/06\/Beatrix_Sitter-Liver_Interferenz_2009.jpg 720w, https:\/\/beatrix.sitter-liver.ch\/wp-content\/uploads\/2021\/06\/Beatrix_Sitter-Liver_Interferenz_2009-211x300.jpg 211w\" sizes=\"(max-width: 720px) 100vw, 720px\" \/><\/a><\/figure><\/li>\n\n<li class=\"blocks-gallery-item\"><figure><a href=\"https:\/\/beatrix.sitter-liver.ch\/wp-content\/uploads\/2021\/01\/1024x720_MTB41_DSCN6464l.jpg\"><img loading=\"lazy\" decoding=\"async\" width=\"720\" height=\"1024\" src=\"https:\/\/beatrix.sitter-liver.ch\/wp-content\/uploads\/2021\/01\/1024x720_MTB41_DSCN6464l.jpg\" alt=\"Rotation \/ Restless Hand, 2009, Farbstift, Tusche, 59.4 x 42 cm\" data-id=\"493\" data-full-url=\"https:\/\/beatrix.sitter-liver.ch\/wp-content\/uploads\/2021\/01\/1024x720_MTB41_DSCN6464l.jpg\" data-link=\"https:\/\/beatrix.sitter-liver.ch\/1024x720_mtb41_dscn6464l-2\/\" class=\"wp-image-493\" srcset=\"https:\/\/beatrix.sitter-liver.ch\/wp-content\/uploads\/2021\/01\/1024x720_MTB41_DSCN6464l.jpg 720w, https:\/\/beatrix.sitter-liver.ch\/wp-content\/uploads\/2021\/01\/1024x720_MTB41_DSCN6464l-211x300.jpg 211w\" sizes=\"(max-width: 720px) 100vw, 720px\" \/><\/a><\/figure><\/li><\/ul><\/figure>\n","protected":false},"excerpt":{"rendered":"","protected":false},"author":1,"featured_media":0,"parent":95,"menu_order":0,"comment_status":"closed","ping_status":"closed","template":"","meta":{"footnotes":""},"_links":{"self":[{"href":"https:\/\/beatrix.sitter-liver.ch\/index.php\/wp-json\/wp\/v2\/pages\/99"}],"collection":[{"href":"https:\/\/beatrix.sitter-liver.ch\/index.php\/wp-json\/wp\/v2\/pages"}],"about":[{"href":"https:\/\/beatrix.sitter-liver.ch\/index.php\/wp-json\/wp\/v2\/types\/page"}],"author":[{"embeddable":true,"href":"https:\/\/beatrix.sitter-liver.ch\/index.php\/wp-json\/wp\/v2\/users\/1"}],"replies":[{"embeddable":true,"href":"https:\/\/beatrix.sitter-liver.ch\/index.php\/wp-json\/wp\/v2\/comments?post=99"}],"version-history":[{"count":43,"href":"https:\/\/beatrix.sitter-liver.ch\/index.php\/wp-json\/wp\/v2\/pages\/99\/revisions"}],"predecessor-version":[{"id":838,"href":"https:\/\/beatrix.sitter-liver.ch\/index.php\/wp-json\/wp\/v2\/pages\/99\/revisions\/838"}],"up":[{"embeddable":true,"href":"https:\/\/beatrix.sitter-liver.ch\/index.php\/wp-json\/wp\/v2\/pages\/95"}],"wp:attachment":[{"href":"https:\/\/beatrix.sitter-liver.ch\/index.php\/wp-json\/wp\/v2\/media?parent=99"}],"curies":[{"name":"wp","href":"https:\/\/api.w.org\/{rel}","templated":true}]}}